{"id":6600,"date":"2021-09-22T09:43:32","date_gmt":"2021-09-22T14:43:32","guid":{"rendered":"https:\/\/cabarriaiqa.com\/web\/?page_id=6600"},"modified":"2025-07-23T16:25:58","modified_gmt":"2025-07-23T21:25:58","slug":"colorantes-puros-hidrosolubles","status":"publish","type":"page","link":"https:\/\/cabarriaiqa.com\/web\/colorantes-puros-hidrosolubles\/","title":{"rendered":"Colorantes Puros Hidrosolubles"},"content":{"rendered":"\t\t<div data-elementor-type=\"wp-page\" data-elementor-id=\"6600\" class=\"elementor elementor-6600\">\n\t\t\t\t\t\t<section class=\"elementor-section elementor-top-section elementor-element elementor-element-fb9a734 elementor-section-height-min-height elementor-section-boxed elementor-section-height-default elementor-section-items-middle\" data-id=\"fb9a734\" data-element_type=\"section\" data-settings=\"{&quot;background_background&quot;:&quot;classic&quot;}\">\n\t\t\t\t\t\t\t<div class=\"elementor-background-overlay\"><\/div>\n\t\t\t\t\t\t\t<div class=\"elementor-container elementor-column-gap-no\">\n\t\t\t\t\t<div class=\"elementor-column elementor-col-100 elementor-top-column elementor-element elementor-element-8a8bd98\" data-id=\"8a8bd98\" data-element_type=\"column\">\n\t\t\t<div class=\"elementor-widget-wrap elementor-element-populated\">\n\t\t\t\t\t\t<section class=\"elementor-section elementor-inner-section elementor-element elementor-element-0f516af elementor-section-boxed elementor-section-height-default elementor-section-height-default\" data-id=\"0f516af\" data-element_type=\"section\">\n\t\t\t\t\t\t<div class=\"elementor-container elementor-column-gap-default\">\n\t\t\t\t\t<div class=\"elementor-column elementor-col-50 elementor-inner-column elementor-element elementor-element-64622fc\" data-id=\"64622fc\" data-element_type=\"column\">\n\t\t\t<div class=\"elementor-widget-wrap elementor-element-populated\">\n\t\t\t\t\t\t<div class=\"elementor-element elementor-element-4089bc5 elementor-invisible elementor-widget elementor-widget-elementskit-heading\" data-id=\"4089bc5\" data-element_type=\"widget\" data-settings=\"{&quot;_animation&quot;:&quot;fadeInUp&quot;}\" data-widget_type=\"elementskit-heading.default\">\n\t\t\t\t<div class=\"elementor-widget-container\">\n\t\t\t\t\t<div class=\"ekit-wid-con\" ><div class=\"ekit-heading elementskit-section-title-wraper text_left   ekit_heading_tablet-   ekit_heading_mobile-\"><p class=\"elementskit-section-subtitle  \">\n\t\t\t\t\t\tNuestros\n\t\t\t\t\t<\/p><h2 class=\"ekit-heading--title elementskit-section-title \">Colorantes Hidrosolubles<\/h2><\/div><\/div>\t\t\t\t<\/div>\n\t\t\t\t<\/div>\n\t\t\t\t<div class=\"elementor-element elementor-element-7cc8d8b elementor-align-left elementor-align--mobilecenter elementor-widget elementor-widget-elementskit-button\" data-id=\"7cc8d8b\" data-element_type=\"widget\" data-widget_type=\"elementskit-button.default\">\n\t\t\t\t<div class=\"elementor-widget-container\">\n\t\t\t\t\t<div class=\"ekit-wid-con\" >\t\t<div class=\"ekit-btn-wraper\">\n\t\t\t\t\t\t\t<a href=\"https:\/\/cabarriaiqa.com\/web\/contacto\/\" class=\"elementskit-btn  whitespace--normal\" id=\"\">\n\t\t\t\t\tCont\u00e1ctanos\t\t\t\t<\/a>\n\t\t\t\t\t<\/div>\n        <\/div>\t\t\t\t<\/div>\n\t\t\t\t<\/div>\n\t\t\t\t\t<\/div>\n\t\t<\/div>\n\t\t\t\t<div class=\"elementor-column elementor-col-50 elementor-inner-column elementor-element elementor-element-1857824\" data-id=\"1857824\" data-element_type=\"column\">\n\t\t\t<div class=\"elementor-widget-wrap\">\n\t\t\t\t\t\t\t<\/div>\n\t\t<\/div>\n\t\t\t\t\t<\/div>\n\t\t<\/section>\n\t\t\t\t\t<\/div>\n\t\t<\/div>\n\t\t\t\t\t<\/div>\n\t\t<\/section>\n\t\t\t\t<section class=\"elementor-section elementor-top-section elementor-element elementor-element-476b288 elementor-section-boxed elementor-section-height-default elementor-section-height-default\" data-id=\"476b288\" data-element_type=\"section\">\n\t\t\t\t\t\t<div class=\"elementor-container elementor-column-gap-default\">\n\t\t\t\t\t<div class=\"elementor-column elementor-col-100 elementor-top-column elementor-element elementor-element-061cb39\" data-id=\"061cb39\" data-element_type=\"column\">\n\t\t\t<div class=\"elementor-widget-wrap elementor-element-populated\">\n\t\t\t\t\t\t<div class=\"elementor-element elementor-element-e92c735 elementor-widget elementor-widget-heading\" data-id=\"e92c735\" data-element_type=\"widget\" data-widget_type=\"heading.default\">\n\t\t\t\t<div class=\"elementor-widget-container\">\n\t\t\t\t\t<h1 class=\"elementor-heading-title elementor-size-default\"><a href=\"https:\/\/cabarriaiqa.com\/web\/productos-linea-alimentos\/\">Volver...<\/a><\/h1>\t\t\t\t<\/div>\n\t\t\t\t<\/div>\n\t\t\t\t\t<\/div>\n\t\t<\/div>\n\t\t\t\t\t<\/div>\n\t\t<\/section>\n\t\t\t\t<section class=\"elementor-section elementor-top-section elementor-element elementor-element-af007c1 elementor-section-content-middle elementor-section-height-min-height elementor-section-boxed elementor-section-height-default elementor-section-items-middle\" data-id=\"af007c1\" data-element_type=\"section\" data-settings=\"{&quot;background_background&quot;:&quot;classic&quot;}\">\n\t\t\t\t\t\t<div class=\"elementor-container elementor-column-gap-no\">\n\t\t\t\t\t<div class=\"elementor-column elementor-col-33 elementor-top-column elementor-element elementor-element-ada3a69\" data-id=\"ada3a69\" data-element_type=\"column\">\n\t\t\t<div class=\"elementor-widget-wrap elementor-element-populated\">\n\t\t\t\t\t\t<section class=\"elementor-section elementor-inner-section elementor-element elementor-element-978fe52 elementor-section-height-min-height elementor-section-boxed elementor-section-height-default\" data-id=\"978fe52\" data-element_type=\"section\">\n\t\t\t\t\t\t<div class=\"elementor-container elementor-column-gap-default\">\n\t\t\t\t\t<div class=\"elementor-column elementor-col-100 elementor-inner-column elementor-element elementor-element-ee2f99a\" data-id=\"ee2f99a\" data-element_type=\"column\" data-settings=\"{&quot;background_background&quot;:&quot;classic&quot;}\">\n\t\t\t<div class=\"elementor-widget-wrap elementor-element-populated\">\n\t\t\t\t\t\t<div class=\"elementor-element elementor-element-d5f626e elementor-widget elementor-widget-image\" data-id=\"d5f626e\" data-element_type=\"widget\" data-widget_type=\"image.default\">\n\t\t\t\t<div class=\"elementor-widget-container\">\n\t\t\t\t\t\t\t\t\t\t\t\t\t\t\t<img fetchpriority=\"high\" decoding=\"async\" width=\"500\" height=\"500\" src=\"https:\/\/cabarriaiqa.com\/web\/wp-content\/uploads\/2025\/07\/Colorantes-Puros-Hidrosolubles-Cabarria-IQA-01-01.jpg\" class=\"attachment-full size-full wp-image-16024\" alt=\"\" srcset=\"https:\/\/cabarriaiqa.com\/web\/wp-content\/uploads\/2025\/07\/Colorantes-Puros-Hidrosolubles-Cabarria-IQA-01-01.jpg 500w, https:\/\/cabarriaiqa.com\/web\/wp-content\/uploads\/2025\/07\/Colorantes-Puros-Hidrosolubles-Cabarria-IQA-01-01-300x300.jpg 300w, https:\/\/cabarriaiqa.com\/web\/wp-content\/uploads\/2025\/07\/Colorantes-Puros-Hidrosolubles-Cabarria-IQA-01-01-150x150.jpg 150w\" sizes=\"(max-width: 500px) 100vw, 500px\" \/>\t\t\t\t\t\t\t\t\t\t\t\t\t\t\t<\/div>\n\t\t\t\t<\/div>\n\t\t\t\t\t<\/div>\n\t\t<\/div>\n\t\t\t\t\t<\/div>\n\t\t<\/section>\n\t\t\t\t\t<\/div>\n\t\t<\/div>\n\t\t\t\t<div class=\"elementor-column elementor-col-66 elementor-top-column elementor-element elementor-element-f1666c1\" data-id=\"f1666c1\" data-element_type=\"column\">\n\t\t\t<div class=\"elementor-widget-wrap elementor-element-populated\">\n\t\t\t\t\t\t<div class=\"elementor-element elementor-element-aa7c894 elementor-widget elementor-widget-text-editor\" data-id=\"aa7c894\" data-element_type=\"widget\" data-widget_type=\"text-editor.default\">\n\t\t\t\t<div class=\"elementor-widget-container\">\n\t\t\t\t\t\t\t\t\t<p>Colorantes sint\u00e9ticos hidrosolubles de gran aplicaci\u00f3n en la industria de alimentos.<\/p>\t\t\t\t\t\t\t\t<\/div>\n\t\t\t\t<\/div>\n\t\t\t\t<div class=\"elementor-element elementor-element-237dab4 elementor-widget elementor-widget-text-editor\" data-id=\"237dab4\" data-element_type=\"widget\" data-widget_type=\"text-editor.default\">\n\t\t\t\t<div class=\"elementor-widget-container\">\n\t\t\t\t\t\t\t\t\t<p><strong>Referencias: <\/strong><\/p><ul><li>Tartracina (Amarillo No.5)<\/li><li>Sunset (Amarillo No.6)<\/li><li>Rojo Punzo 4R<\/li><li>(Rojo Cochinilla)<\/li><li>Rojo Allura (Rojo No 40)<\/li><li>Azorrubina\u00a0 Eritrocina<\/li><li>Azul Brillante (Azul No.1)<\/li><\/ul>\t\t\t\t\t\t\t\t<\/div>\n\t\t\t\t<\/div>\n\t\t\t\t<div class=\"elementor-element elementor-element-ca686af elementor-widget elementor-widget-text-editor\" data-id=\"ca686af\" data-element_type=\"widget\" data-widget_type=\"text-editor.default\">\n\t\t\t\t<div class=\"elementor-widget-container\">\n\t\t\t\t\t\t\t\t\t<p><b>Aplicaciones:<br \/><\/b>Ampliamente usados en la industria alimentaria para aumentar o estandarizar el color de los alimentos, ya sea por disminuci\u00f3n de su color en el tratamiento industrial o para hacerlos m\u00e1s agradables a la vista del consumidor.\u00a0 Adicionalmente pueden ser usados en productos Farmac\u00e9uticos, Cosm\u00e9ticos, Agr\u00edcolas, Veterinarios y la Industria en general<\/p>\t\t\t\t\t\t\t\t<\/div>\n\t\t\t\t<\/div>\n\t\t\t\t<div class=\"elementor-element elementor-element-36839ec elementor-align-left elementor-align--mobilecenter elementor-widget elementor-widget-elementskit-button\" data-id=\"36839ec\" data-element_type=\"widget\" data-widget_type=\"elementskit-button.default\">\n\t\t\t\t<div class=\"elementor-widget-container\">\n\t\t\t\t\t<div class=\"ekit-wid-con\" >\t\t<div class=\"ekit-btn-wraper\">\n\t\t\t\t\t\t\t<a href=\"https:\/\/cabarriaiqa.com\/web\/contacto\/\" class=\"elementskit-btn  whitespace--normal\" id=\"\">\n\t\t\t\t\tCont\u00e1ctanos\t\t\t\t<\/a>\n\t\t\t\t\t<\/div>\n        <\/div>\t\t\t\t<\/div>\n\t\t\t\t<\/div>\n\t\t\t\t\t<\/div>\n\t\t<\/div>\n\t\t\t\t\t<\/div>\n\t\t<\/section>\n\t\t\t\t<section class=\"elementor-section elementor-top-section elementor-element elementor-element-50caf93 elementor-section-boxed elementor-section-height-default elementor-section-height-default\" data-id=\"50caf93\" data-element_type=\"section\">\n\t\t\t\t\t\t<div class=\"elementor-container elementor-column-gap-default\">\n\t\t\t\t\t<div class=\"elementor-column elementor-col-100 elementor-top-column elementor-element elementor-element-a768271\" data-id=\"a768271\" data-element_type=\"column\">\n\t\t\t<div class=\"elementor-widget-wrap elementor-element-populated\">\n\t\t\t\t\t\t<div class=\"elementor-element elementor-element-5fe04b5 elementor-align-center elementor-widget elementor-widget-button\" data-id=\"5fe04b5\" data-element_type=\"widget\" data-widget_type=\"button.default\">\n\t\t\t\t<div class=\"elementor-widget-container\">\n\t\t\t\t\t\t\t\t\t<div class=\"elementor-button-wrapper\">\n\t\t\t\t\t<a class=\"elementor-button elementor-button-link elementor-size-sm\" href=\"https:\/\/cabarriaiqa.com\/web\/productos-linea-alimentos\/\">\n\t\t\t\t\t\t<span class=\"elementor-button-content-wrapper\">\n\t\t\t\t\t\t\t\t\t<span class=\"elementor-button-text\">Volver al Inicio<\/span>\n\t\t\t\t\t<\/span>\n\t\t\t\t\t<\/a>\n\t\t\t\t<\/div>\n\t\t\t\t\t\t\t\t<\/div>\n\t\t\t\t<\/div>\n\t\t\t\t\t<\/div>\n\t\t<\/div>\n\t\t\t\t\t<\/div>\n\t\t<\/section>\n\t\t\t\t<\/div>\n\t\t","protected":false},"excerpt":{"rendered":"<p>Nuestros Colorantes Hidrosolubles Cont\u00e1ctanos Volver&#8230; Colorantes sint\u00e9ticos hidrosolubles de gran aplicaci\u00f3n en la industria de alimentos. Referencias: Tartracina (Amarillo No.5) Sunset (Amarillo No.6) Rojo Punzo 4R (Rojo Cochinilla) Rojo Allura (Rojo No 40) Azorrubina\u00a0 Eritrocina Azul Brillante (Azul No.1) Aplicaciones:Ampliamente usados en la industria alimentaria para aumentar o estandarizar el color de los alimentos, ya [&hellip;]<\/p>\n","protected":false},"author":1,"featured_media":0,"parent":0,"menu_order":0,"comment_status":"closed","ping_status":"closed","template":"","meta":{"_eb_attr":"","_monsterinsights_skip_tracking":false,"_monsterinsights_sitenote_active":false,"_monsterinsights_sitenote_note":"","_monsterinsights_sitenote_category":0,"site-sidebar-layout":"no-sidebar","site-content-layout":"page-builder","ast-site-content-layout":"default","site-content-style":"default","site-sidebar-style":"default","ast-global-header-display":"","ast-banner-title-visibility":"","ast-main-header-display":"","ast-hfb-above-header-display":"","ast-hfb-below-header-display":"","ast-hfb-mobile-header-display":"","site-post-title":"disabled","ast-breadcrumbs-content":"","ast-featured-img":"disabled","footer-sml-layout":"","theme-transparent-header-meta":"","adv-header-id-meta":"","stick-header-meta":"","header-above-stick-meta":"","header-main-stick-meta":"","header-below-stick-meta":"","astra-migrate-meta-layouts":"default","ast-page-background-enabled":"default","ast-page-background-meta":{"desktop":{"background-color":"","background-image":"","background-repeat":"repeat","background-position":"center center","background-size":"auto","background-attachment":"scroll","background-type":"","background-media":"","overlay-type":"","overlay-color":"","overlay-opacity":"","overlay-gradient":""},"tablet":{"background-color":"","background-image":"","background-repeat":"repeat","background-position":"center center","background-size":"auto","background-attachment":"scroll","background-type":"","background-media":"","overlay-type":"","overlay-color":"","overlay-opacity":"","overlay-gradient":""},"mobile":{"background-color":"","background-image":"","background-repeat":"repeat","background-position":"center center","background-size":"auto","background-attachment":"scroll","background-type":"","background-media":"","overlay-type":"","overlay-color":"","overlay-opacity":"","overlay-gradient":""}},"ast-content-background-meta":{"desktop":{"background-color":"var(--ast-global-color-5)","background-image":"","background-repeat":"repeat","background-position":"center center","background-size":"auto","background-attachment":"scroll","background-type":"","background-media":"","overlay-type":"","overlay-color":"","overlay-opacity":"","overlay-gradient":""},"tablet":{"background-color":"var(--ast-global-color-5)","background-image":"","background-repeat":"repeat","background-position":"center center","background-size":"auto","background-attachment":"scroll","background-type":"","background-media":"","overlay-type":"","overlay-color":"","overlay-opacity":"","overlay-gradient":""},"mobile":{"background-color":"var(--ast-global-color-5)","background-image":"","background-repeat":"repeat","background-position":"center center","background-size":"auto","background-attachment":"scroll","background-type":"","background-media":"","overlay-type":"","overlay-color":"","overlay-opacity":"","overlay-gradient":""}},"footnotes":""},"yoast_head":"<!-- This site is optimized with the Yoast SEO plugin v24.3 - https:\/\/yoast.com\/wordpress\/plugins\/seo\/ -->\n<title>Colorantes Puros Hidrosolubles - Cabarria IQA S.A.S<\/title>\n<meta name=\"description\" content=\"Colorantes en la elaboraci\u00f3n de mezclas, para uso en productos Farmac\u00e9uticos, Alimenticios, Cosm\u00e9ticos, Agr\u00edcolas, Veterinarios, etc.\" \/>\n<meta name=\"robots\" content=\"index, follow, max-snippet:-1, max-image-preview:large, max-video-preview:-1\" \/>\n<link rel=\"canonical\" href=\"https:\/\/cabarriaiqa.com\/web\/colorantes-puros-hidrosolubles\/\" \/>\n<meta property=\"og:locale\" content=\"es_ES\" \/>\n<meta property=\"og:type\" content=\"article\" \/>\n<meta property=\"og:title\" content=\"Colorantes Puros Hidrosolubles - Cabarria IQA S.A.S\" \/>\n<meta property=\"og:description\" content=\"Colorantes en la elaboraci\u00f3n de mezclas, para uso en productos Farmac\u00e9uticos, Alimenticios, Cosm\u00e9ticos, Agr\u00edcolas, Veterinarios, etc.\" \/>\n<meta property=\"og:url\" content=\"https:\/\/cabarriaiqa.com\/web\/colorantes-puros-hidrosolubles\/\" \/>\n<meta property=\"og:site_name\" content=\"Cabarria IQA S.A.S\" \/>\n<meta property=\"article:publisher\" content=\"https:\/\/www.facebook.com\/CabarriaIQA\" \/>\n<meta property=\"article:modified_time\" content=\"2025-07-23T21:25:58+00:00\" \/>\n<meta property=\"og:image\" content=\"https:\/\/cabarriaiqa.com\/web\/wp-content\/uploads\/2025\/07\/Colorantes-Puros-Hidrosolubles-Cabarria-IQA-01-01.jpg\" \/>\n\t<meta property=\"og:image:width\" content=\"500\" \/>\n\t<meta property=\"og:image:height\" content=\"500\" \/>\n\t<meta property=\"og:image:type\" content=\"image\/jpeg\" \/>\n<meta name=\"twitter:card\" content=\"summary_large_image\" \/>\n<meta name=\"twitter:label1\" content=\"Tiempo de lectura\" \/>\n\t<meta name=\"twitter:data1\" content=\"1 minuto\" \/>\n<script type=\"application\/ld+json\" class=\"yoast-schema-graph\">{\"@context\":\"https:\/\/schema.org\",\"@graph\":[{\"@type\":\"WebPage\",\"@id\":\"https:\/\/cabarriaiqa.com\/web\/colorantes-puros-hidrosolubles\/\",\"url\":\"https:\/\/cabarriaiqa.com\/web\/colorantes-puros-hidrosolubles\/\",\"name\":\"Colorantes Puros Hidrosolubles - Cabarria IQA S.A.S\",\"isPartOf\":{\"@id\":\"https:\/\/cabarriaiqa.com\/web\/#website\"},\"primaryImageOfPage\":{\"@id\":\"https:\/\/cabarriaiqa.com\/web\/colorantes-puros-hidrosolubles\/#primaryimage\"},\"image\":{\"@id\":\"https:\/\/cabarriaiqa.com\/web\/colorantes-puros-hidrosolubles\/#primaryimage\"},\"thumbnailUrl\":\"https:\/\/cabarriaiqa.com\/web\/wp-content\/uploads\/2025\/07\/Colorantes-Puros-Hidrosolubles-Cabarria-IQA-01-01.jpg\",\"datePublished\":\"2021-09-22T14:43:32+00:00\",\"dateModified\":\"2025-07-23T21:25:58+00:00\",\"description\":\"Colorantes en la elaboraci\u00f3n de mezclas, para uso en productos Farmac\u00e9uticos, Alimenticios, Cosm\u00e9ticos, Agr\u00edcolas, Veterinarios, etc.\",\"breadcrumb\":{\"@id\":\"https:\/\/cabarriaiqa.com\/web\/colorantes-puros-hidrosolubles\/#breadcrumb\"},\"inLanguage\":\"es\",\"potentialAction\":[{\"@type\":\"ReadAction\",\"target\":[\"https:\/\/cabarriaiqa.com\/web\/colorantes-puros-hidrosolubles\/\"]}]},{\"@type\":\"ImageObject\",\"inLanguage\":\"es\",\"@id\":\"https:\/\/cabarriaiqa.com\/web\/colorantes-puros-hidrosolubles\/#primaryimage\",\"url\":\"https:\/\/cabarriaiqa.com\/web\/wp-content\/uploads\/2025\/07\/Colorantes-Puros-Hidrosolubles-Cabarria-IQA-01-01.jpg\",\"contentUrl\":\"https:\/\/cabarriaiqa.com\/web\/wp-content\/uploads\/2025\/07\/Colorantes-Puros-Hidrosolubles-Cabarria-IQA-01-01.jpg\",\"width\":500,\"height\":500},{\"@type\":\"BreadcrumbList\",\"@id\":\"https:\/\/cabarriaiqa.com\/web\/colorantes-puros-hidrosolubles\/#breadcrumb\",\"itemListElement\":[{\"@type\":\"ListItem\",\"position\":1,\"name\":\"Portada\",\"item\":\"https:\/\/cabarriaiqa.com\/web\/\"},{\"@type\":\"ListItem\",\"position\":2,\"name\":\"Colorantes Puros Hidrosolubles\"}]},{\"@type\":\"WebSite\",\"@id\":\"https:\/\/cabarriaiqa.com\/web\/#website\",\"url\":\"https:\/\/cabarriaiqa.com\/web\/\",\"name\":\"Cabarria IQA S.A.S\",\"description\":\"Empresa Industrial\",\"publisher\":{\"@id\":\"https:\/\/cabarriaiqa.com\/web\/#organization\"},\"potentialAction\":[{\"@type\":\"SearchAction\",\"target\":{\"@type\":\"EntryPoint\",\"urlTemplate\":\"https:\/\/cabarriaiqa.com\/web\/?s={search_term_string}\"},\"query-input\":{\"@type\":\"PropertyValueSpecification\",\"valueRequired\":true,\"valueName\":\"search_term_string\"}}],\"inLanguage\":\"es\"},{\"@type\":\"Organization\",\"@id\":\"https:\/\/cabarriaiqa.com\/web\/#organization\",\"name\":\"Cabarria IQA S.A.S\",\"url\":\"https:\/\/cabarriaiqa.com\/web\/\",\"logo\":{\"@type\":\"ImageObject\",\"inLanguage\":\"es\",\"@id\":\"https:\/\/cabarriaiqa.com\/web\/#\/schema\/logo\/image\/\",\"url\":\"https:\/\/cabarriaiqa.com\/web\/wp-content\/uploads\/2021\/08\/cropped-cropped-cropped-Mesa-de-trabajo-5.png\",\"contentUrl\":\"https:\/\/cabarriaiqa.com\/web\/wp-content\/uploads\/2021\/08\/cropped-cropped-cropped-Mesa-de-trabajo-5.png\",\"width\":1080,\"height\":441,\"caption\":\"Cabarria IQA S.A.S\"},\"image\":{\"@id\":\"https:\/\/cabarriaiqa.com\/web\/#\/schema\/logo\/image\/\"},\"sameAs\":[\"https:\/\/www.facebook.com\/CabarriaIQA\",\"https:\/\/www.linkedin.com\/in\/cabarriaiqa\/\",\"https:\/\/www.instagram.com\/cabarriaiqa\/\"]}]}<\/script>\n<!-- \/ Yoast SEO plugin. -->","yoast_head_json":{"title":"Colorantes Puros Hidrosolubles - Cabarria IQA S.A.S","description":"Colorantes en la elaboraci\u00f3n de mezclas, para uso en productos Farmac\u00e9uticos, Alimenticios, Cosm\u00e9ticos, Agr\u00edcolas, Veterinarios, etc.","robots":{"index":"index","follow":"follow","max-snippet":"max-snippet:-1","max-image-preview":"max-image-preview:large","max-video-preview":"max-video-preview:-1"},"canonical":"https:\/\/cabarriaiqa.com\/web\/colorantes-puros-hidrosolubles\/","og_locale":"es_ES","og_type":"article","og_title":"Colorantes Puros Hidrosolubles - Cabarria IQA S.A.S","og_description":"Colorantes en la elaboraci\u00f3n de mezclas, para uso en productos Farmac\u00e9uticos, Alimenticios, Cosm\u00e9ticos, Agr\u00edcolas, Veterinarios, etc.","og_url":"https:\/\/cabarriaiqa.com\/web\/colorantes-puros-hidrosolubles\/","og_site_name":"Cabarria IQA S.A.S","article_publisher":"https:\/\/www.facebook.com\/CabarriaIQA","article_modified_time":"2025-07-23T21:25:58+00:00","og_image":[{"width":500,"height":500,"url":"https:\/\/cabarriaiqa.com\/web\/wp-content\/uploads\/2025\/07\/Colorantes-Puros-Hidrosolubles-Cabarria-IQA-01-01.jpg","type":"image\/jpeg"}],"twitter_card":"summary_large_image","twitter_misc":{"Tiempo de lectura":"1 minuto"},"schema":{"@context":"https:\/\/schema.org","@graph":[{"@type":"WebPage","@id":"https:\/\/cabarriaiqa.com\/web\/colorantes-puros-hidrosolubles\/","url":"https:\/\/cabarriaiqa.com\/web\/colorantes-puros-hidrosolubles\/","name":"Colorantes Puros Hidrosolubles - Cabarria IQA S.A.S","isPartOf":{"@id":"https:\/\/cabarriaiqa.com\/web\/#website"},"primaryImageOfPage":{"@id":"https:\/\/cabarriaiqa.com\/web\/colorantes-puros-hidrosolubles\/#primaryimage"},"image":{"@id":"https:\/\/cabarriaiqa.com\/web\/colorantes-puros-hidrosolubles\/#primaryimage"},"thumbnailUrl":"https:\/\/cabarriaiqa.com\/web\/wp-content\/uploads\/2025\/07\/Colorantes-Puros-Hidrosolubles-Cabarria-IQA-01-01.jpg","datePublished":"2021-09-22T14:43:32+00:00","dateModified":"2025-07-23T21:25:58+00:00","description":"Colorantes en la elaboraci\u00f3n de mezclas, para uso en productos Farmac\u00e9uticos, Alimenticios, Cosm\u00e9ticos, Agr\u00edcolas, Veterinarios, etc.","breadcrumb":{"@id":"https:\/\/cabarriaiqa.com\/web\/colorantes-puros-hidrosolubles\/#breadcrumb"},"inLanguage":"es","potentialAction":[{"@type":"ReadAction","target":["https:\/\/cabarriaiqa.com\/web\/colorantes-puros-hidrosolubles\/"]}]},{"@type":"ImageObject","inLanguage":"es","@id":"https:\/\/cabarriaiqa.com\/web\/colorantes-puros-hidrosolubles\/#primaryimage","url":"https:\/\/cabarriaiqa.com\/web\/wp-content\/uploads\/2025\/07\/Colorantes-Puros-Hidrosolubles-Cabarria-IQA-01-01.jpg","contentUrl":"https:\/\/cabarriaiqa.com\/web\/wp-content\/uploads\/2025\/07\/Colorantes-Puros-Hidrosolubles-Cabarria-IQA-01-01.jpg","width":500,"height":500},{"@type":"BreadcrumbList","@id":"https:\/\/cabarriaiqa.com\/web\/colorantes-puros-hidrosolubles\/#breadcrumb","itemListElement":[{"@type":"ListItem","position":1,"name":"Portada","item":"https:\/\/cabarriaiqa.com\/web\/"},{"@type":"ListItem","position":2,"name":"Colorantes Puros Hidrosolubles"}]},{"@type":"WebSite","@id":"https:\/\/cabarriaiqa.com\/web\/#website","url":"https:\/\/cabarriaiqa.com\/web\/","name":"Cabarria IQA S.A.S","description":"Empresa Industrial","publisher":{"@id":"https:\/\/cabarriaiqa.com\/web\/#organization"},"potentialAction":[{"@type":"SearchAction","target":{"@type":"EntryPoint","urlTemplate":"https:\/\/cabarriaiqa.com\/web\/?s={search_term_string}"},"query-input":{"@type":"PropertyValueSpecification","valueRequired":true,"valueName":"search_term_string"}}],"inLanguage":"es"},{"@type":"Organization","@id":"https:\/\/cabarriaiqa.com\/web\/#organization","name":"Cabarria IQA S.A.S","url":"https:\/\/cabarriaiqa.com\/web\/","logo":{"@type":"ImageObject","inLanguage":"es","@id":"https:\/\/cabarriaiqa.com\/web\/#\/schema\/logo\/image\/","url":"https:\/\/cabarriaiqa.com\/web\/wp-content\/uploads\/2021\/08\/cropped-cropped-cropped-Mesa-de-trabajo-5.png","contentUrl":"https:\/\/cabarriaiqa.com\/web\/wp-content\/uploads\/2021\/08\/cropped-cropped-cropped-Mesa-de-trabajo-5.png","width":1080,"height":441,"caption":"Cabarria IQA S.A.S"},"image":{"@id":"https:\/\/cabarriaiqa.com\/web\/#\/schema\/logo\/image\/"},"sameAs":["https:\/\/www.facebook.com\/CabarriaIQA","https:\/\/www.linkedin.com\/in\/cabarriaiqa\/","https:\/\/www.instagram.com\/cabarriaiqa\/"]}]}},"_links":{"self":[{"href":"https:\/\/cabarriaiqa.com\/web\/wp-json\/wp\/v2\/pages\/6600"}],"collection":[{"href":"https:\/\/cabarriaiqa.com\/web\/wp-json\/wp\/v2\/pages"}],"about":[{"href":"https:\/\/cabarriaiqa.com\/web\/wp-json\/wp\/v2\/types\/page"}],"author":[{"embeddable":true,"href":"https:\/\/cabarriaiqa.com\/web\/wp-json\/wp\/v2\/users\/1"}],"replies":[{"embeddable":true,"href":"https:\/\/cabarriaiqa.com\/web\/wp-json\/wp\/v2\/comments?post=6600"}],"version-history":[{"count":9,"href":"https:\/\/cabarriaiqa.com\/web\/wp-json\/wp\/v2\/pages\/6600\/revisions"}],"predecessor-version":[{"id":16419,"href":"https:\/\/cabarriaiqa.com\/web\/wp-json\/wp\/v2\/pages\/6600\/revisions\/16419"}],"wp:attachment":[{"href":"https:\/\/cabarriaiqa.com\/web\/wp-json\/wp\/v2\/media?parent=6600"}],"curies":[{"name":"wp","href":"https:\/\/api.w.org\/{rel}","templated":true}]}}