{"id":6599,"date":"2021-09-22T09:43:32","date_gmt":"2021-09-22T14:43:32","guid":{"rendered":"https:\/\/cabarriaiqa.com\/web\/?page_id=6599"},"modified":"2025-07-23T16:22:55","modified_gmt":"2025-07-23T21:22:55","slug":"colorantes-naturales","status":"publish","type":"page","link":"https:\/\/cabarriaiqa.com\/web\/colorantes-naturales\/","title":{"rendered":"Colorantes Naturales"},"content":{"rendered":"\t\t<div data-elementor-type=\"wp-page\" data-elementor-id=\"6599\" class=\"elementor elementor-6599\">\n\t\t\t\t\t\t<section class=\"elementor-section elementor-top-section elementor-element elementor-element-fd2519e elementor-section-height-min-height elementor-section-boxed elementor-section-height-default elementor-section-items-middle\" data-id=\"fd2519e\" data-element_type=\"section\" data-e-type=\"section\" data-settings=\"{&quot;background_background&quot;:&quot;classic&quot;}\">\n\t\t\t\t\t\t\t<div class=\"elementor-background-overlay\"><\/div>\n\t\t\t\t\t\t\t<div class=\"elementor-container elementor-column-gap-no\">\n\t\t\t\t\t<div class=\"elementor-column elementor-col-100 elementor-top-column elementor-element elementor-element-090fffb\" data-id=\"090fffb\" data-element_type=\"column\" data-e-type=\"column\">\n\t\t\t<div class=\"elementor-widget-wrap elementor-element-populated\">\n\t\t\t\t\t\t<section class=\"elementor-section elementor-inner-section elementor-element elementor-element-85df40e elementor-section-boxed elementor-section-height-default elementor-section-height-default\" data-id=\"85df40e\" data-element_type=\"section\" data-e-type=\"section\">\n\t\t\t\t\t\t<div class=\"elementor-container elementor-column-gap-default\">\n\t\t\t\t\t<div class=\"elementor-column elementor-col-50 elementor-inner-column elementor-element elementor-element-9c26e62\" data-id=\"9c26e62\" data-element_type=\"column\" data-e-type=\"column\">\n\t\t\t<div class=\"elementor-widget-wrap elementor-element-populated\">\n\t\t\t\t\t\t<div class=\"elementor-element elementor-element-83d3b33 elementor-invisible elementor-widget elementor-widget-elementskit-heading\" data-id=\"83d3b33\" data-element_type=\"widget\" data-e-type=\"widget\" data-settings=\"{&quot;_animation&quot;:&quot;fadeInUp&quot;}\" data-widget_type=\"elementskit-heading.default\">\n\t\t\t\t<div class=\"elementor-widget-container\">\n\t\t\t\t\t<div class=\"ekit-wid-con\" ><div class=\"ekit-heading elementskit-section-title-wraper text_left   ekit_heading_tablet-   ekit_heading_mobile-\"><p class=\"elementskit-section-subtitle  \">\n\t\t\t\t\t\tNuestros\n\t\t\t\t\t<\/p><h2 class=\"ekit-heading--title elementskit-section-title \">Colorantes Naturales<\/h2><\/div><\/div>\t\t\t\t<\/div>\n\t\t\t\t<\/div>\n\t\t\t\t<div class=\"elementor-element elementor-element-bbf2994 elementor-align-left elementor-align--mobilecenter elementor-widget elementor-widget-elementskit-button\" data-id=\"bbf2994\" data-element_type=\"widget\" data-e-type=\"widget\" data-widget_type=\"elementskit-button.default\">\n\t\t\t\t<div class=\"elementor-widget-container\">\n\t\t\t\t\t<div class=\"ekit-wid-con\" >\t\t<div class=\"ekit-btn-wraper\">\n\t\t\t\t\t\t\t<a href=\"https:\/\/cabarriaiqa.com\/web\/contacto\/\" class=\"elementskit-btn  whitespace--normal\" id=\"\">\n\t\t\t\t\tCont\u00e1ctanos\t\t\t\t<\/a>\n\t\t\t\t\t<\/div>\n        <\/div>\t\t\t\t<\/div>\n\t\t\t\t<\/div>\n\t\t\t\t\t<\/div>\n\t\t<\/div>\n\t\t\t\t<div class=\"elementor-column elementor-col-50 elementor-inner-column elementor-element elementor-element-9f092f4\" data-id=\"9f092f4\" data-element_type=\"column\" data-e-type=\"column\">\n\t\t\t<div class=\"elementor-widget-wrap\">\n\t\t\t\t\t\t\t<\/div>\n\t\t<\/div>\n\t\t\t\t\t<\/div>\n\t\t<\/section>\n\t\t\t\t\t<\/div>\n\t\t<\/div>\n\t\t\t\t\t<\/div>\n\t\t<\/section>\n\t\t\t\t<section class=\"elementor-section elementor-top-section elementor-element elementor-element-531b36f elementor-section-boxed elementor-section-height-default elementor-section-height-default\" data-id=\"531b36f\" data-element_type=\"section\" data-e-type=\"section\">\n\t\t\t\t\t\t<div class=\"elementor-container elementor-column-gap-default\">\n\t\t\t\t\t<div class=\"elementor-column elementor-col-100 elementor-top-column elementor-element elementor-element-52d6db3\" data-id=\"52d6db3\" data-element_type=\"column\" data-e-type=\"column\">\n\t\t\t<div class=\"elementor-widget-wrap elementor-element-populated\">\n\t\t\t\t\t\t<div class=\"elementor-element elementor-element-8656410 elementor-widget elementor-widget-heading\" data-id=\"8656410\" data-element_type=\"widget\" data-e-type=\"widget\" data-widget_type=\"heading.default\">\n\t\t\t\t<div class=\"elementor-widget-container\">\n\t\t\t\t\t<h1 class=\"elementor-heading-title elementor-size-default\"><a href=\"https:\/\/cabarriaiqa.com\/web\/productos-linea-alimentos\/\">Volver...<\/a><\/h1>\t\t\t\t<\/div>\n\t\t\t\t<\/div>\n\t\t\t\t\t<\/div>\n\t\t<\/div>\n\t\t\t\t\t<\/div>\n\t\t<\/section>\n\t\t\t\t<section class=\"elementor-section elementor-top-section elementor-element elementor-element-4db5497 elementor-section-content-middle elementor-section-height-min-height elementor-section-boxed elementor-section-height-default elementor-section-items-middle\" data-id=\"4db5497\" data-element_type=\"section\" data-e-type=\"section\" data-settings=\"{&quot;background_background&quot;:&quot;classic&quot;}\">\n\t\t\t\t\t\t<div class=\"elementor-container elementor-column-gap-no\">\n\t\t\t\t\t<div class=\"elementor-column elementor-col-33 elementor-top-column elementor-element elementor-element-103bde5\" data-id=\"103bde5\" data-element_type=\"column\" data-e-type=\"column\">\n\t\t\t<div class=\"elementor-widget-wrap elementor-element-populated\">\n\t\t\t\t\t\t<section class=\"elementor-section elementor-inner-section elementor-element elementor-element-eed7036 elementor-section-height-min-height elementor-section-boxed elementor-section-height-default\" data-id=\"eed7036\" data-element_type=\"section\" data-e-type=\"section\">\n\t\t\t\t\t\t<div class=\"elementor-container elementor-column-gap-default\">\n\t\t\t\t\t<div class=\"elementor-column elementor-col-100 elementor-inner-column elementor-element elementor-element-eb629e2\" data-id=\"eb629e2\" data-element_type=\"column\" data-e-type=\"column\" data-settings=\"{&quot;background_background&quot;:&quot;classic&quot;}\">\n\t\t\t<div class=\"elementor-widget-wrap elementor-element-populated\">\n\t\t\t\t\t\t<div class=\"elementor-element elementor-element-3438f32 elementor-widget elementor-widget-image\" data-id=\"3438f32\" data-element_type=\"widget\" data-e-type=\"widget\" data-widget_type=\"image.default\">\n\t\t\t\t<div class=\"elementor-widget-container\">\n\t\t\t\t\t\t\t\t\t\t\t\t\t\t\t<img fetchpriority=\"high\" decoding=\"async\" width=\"500\" height=\"500\" src=\"https:\/\/cabarriaiqa.com\/web\/wp-content\/uploads\/2025\/07\/Colorantes-Naturales-Cabarria-IQA-01.jpg\" class=\"attachment-full size-full wp-image-16015\" alt=\"\" srcset=\"https:\/\/cabarriaiqa.com\/web\/wp-content\/uploads\/2025\/07\/Colorantes-Naturales-Cabarria-IQA-01.jpg 500w, https:\/\/cabarriaiqa.com\/web\/wp-content\/uploads\/2025\/07\/Colorantes-Naturales-Cabarria-IQA-01-300x300.jpg 300w, https:\/\/cabarriaiqa.com\/web\/wp-content\/uploads\/2025\/07\/Colorantes-Naturales-Cabarria-IQA-01-150x150.jpg 150w\" sizes=\"(max-width: 500px) 100vw, 500px\" \/>\t\t\t\t\t\t\t\t\t\t\t\t\t\t\t<\/div>\n\t\t\t\t<\/div>\n\t\t\t\t\t<\/div>\n\t\t<\/div>\n\t\t\t\t\t<\/div>\n\t\t<\/section>\n\t\t\t\t\t<\/div>\n\t\t<\/div>\n\t\t\t\t<div class=\"elementor-column elementor-col-66 elementor-top-column elementor-element elementor-element-f32957e\" data-id=\"f32957e\" data-element_type=\"column\" data-e-type=\"column\">\n\t\t\t<div class=\"elementor-widget-wrap elementor-element-populated\">\n\t\t\t\t\t\t<div class=\"elementor-element elementor-element-fb4ab72 elementor-widget elementor-widget-text-editor\" data-id=\"fb4ab72\" data-element_type=\"widget\" data-e-type=\"widget\" data-widget_type=\"text-editor.default\">\n\t\t\t\t<div class=\"elementor-widget-container\">\n\t\t\t\t\t\t\t\t\t<p><span style=\"font-style: inherit; font-weight: inherit;\">Son colorantes que se obtienen de alimentos o de fuentes naturales. Cada vez m\u00e1s utilizados en la industria alimenticia por naturalidad, que disminuye las limitaciones en su utilizaci\u00f3n.<\/span><\/p>\t\t\t\t\t\t\t\t<\/div>\n\t\t\t\t<\/div>\n\t\t\t\t<div class=\"elementor-element elementor-element-e460310 elementor-widget elementor-widget-text-editor\" data-id=\"e460310\" data-element_type=\"widget\" data-e-type=\"widget\" data-widget_type=\"text-editor.default\">\n\t\t\t\t<div class=\"elementor-widget-container\">\n\t\t\t\t\t\t\t\t\t<p><strong>Referencias:<\/strong><\/p><ul><li>Carm\u00edn<\/li><li>Annatto<\/li><li>C\u00farcuma<\/li><li>Clorofilas<\/li><\/ul>\t\t\t\t\t\t\t\t<\/div>\n\t\t\t\t<\/div>\n\t\t\t\t<div class=\"elementor-element elementor-element-fec13d9 elementor-widget elementor-widget-text-editor\" data-id=\"fec13d9\" data-element_type=\"widget\" data-e-type=\"widget\" data-widget_type=\"text-editor.default\">\n\t\t\t\t<div class=\"elementor-widget-container\">\n\t\t\t\t\t\t\t\t\t<p><b>Aplicaciones:\u00a0<br \/><\/b>Productos l\u00e1cteos, productos de panificaci\u00f3n, c\u00e1rnicos, salsas y aderezos,<\/p>\t\t\t\t\t\t\t\t<\/div>\n\t\t\t\t<\/div>\n\t\t\t\t<div class=\"elementor-element elementor-element-04cd46c elementor-align-left elementor-align--mobilecenter elementor-widget elementor-widget-elementskit-button\" data-id=\"04cd46c\" data-element_type=\"widget\" data-e-type=\"widget\" data-widget_type=\"elementskit-button.default\">\n\t\t\t\t<div class=\"elementor-widget-container\">\n\t\t\t\t\t<div class=\"ekit-wid-con\" >\t\t<div class=\"ekit-btn-wraper\">\n\t\t\t\t\t\t\t<a href=\"https:\/\/cabarriaiqa.com\/web\/contacto\/\" class=\"elementskit-btn  whitespace--normal\" id=\"\">\n\t\t\t\t\tCont\u00e1ctanos\t\t\t\t<\/a>\n\t\t\t\t\t<\/div>\n        <\/div>\t\t\t\t<\/div>\n\t\t\t\t<\/div>\n\t\t\t\t\t<\/div>\n\t\t<\/div>\n\t\t\t\t\t<\/div>\n\t\t<\/section>\n\t\t\t\t<section class=\"elementor-section elementor-top-section elementor-element elementor-element-87e87cd elementor-section-boxed elementor-section-height-default elementor-section-height-default\" data-id=\"87e87cd\" data-element_type=\"section\" data-e-type=\"section\">\n\t\t\t\t\t\t<div class=\"elementor-container elementor-column-gap-default\">\n\t\t\t\t\t<div class=\"elementor-column elementor-col-100 elementor-top-column elementor-element elementor-element-53adeeb\" data-id=\"53adeeb\" data-element_type=\"column\" data-e-type=\"column\">\n\t\t\t<div class=\"elementor-widget-wrap elementor-element-populated\">\n\t\t\t\t\t\t<div class=\"elementor-element elementor-element-35c4abc elementor-align-center elementor-widget elementor-widget-button\" data-id=\"35c4abc\" data-element_type=\"widget\" data-e-type=\"widget\" data-widget_type=\"button.default\">\n\t\t\t\t<div class=\"elementor-widget-container\">\n\t\t\t\t\t\t\t\t\t<div class=\"elementor-button-wrapper\">\n\t\t\t\t\t<a class=\"elementor-button elementor-button-link elementor-size-sm\" href=\"https:\/\/cabarriaiqa.com\/web\/productos-linea-alimentos\/\">\n\t\t\t\t\t\t<span class=\"elementor-button-content-wrapper\">\n\t\t\t\t\t\t\t\t\t<span class=\"elementor-button-text\">Volver al Inicio<\/span>\n\t\t\t\t\t<\/span>\n\t\t\t\t\t<\/a>\n\t\t\t\t<\/div>\n\t\t\t\t\t\t\t\t<\/div>\n\t\t\t\t<\/div>\n\t\t\t\t\t<\/div>\n\t\t<\/div>\n\t\t\t\t\t<\/div>\n\t\t<\/section>\n\t\t\t\t<\/div>\n\t\t","protected":false},"excerpt":{"rendered":"<p>Nuestros Colorantes Naturales Cont\u00e1ctanos Volver&#8230; Son colorantes que se obtienen de alimentos o de fuentes naturales. Cada vez m\u00e1s utilizados en la industria alimenticia por naturalidad, que disminuye las limitaciones en su utilizaci\u00f3n. Referencias: Carm\u00edn Annatto C\u00farcuma Clorofilas Aplicaciones:\u00a0Productos l\u00e1cteos, productos de panificaci\u00f3n, c\u00e1rnicos, salsas y aderezos, Cont\u00e1ctanos Volver al Inicio<\/p>\n","protected":false},"author":1,"featured_media":0,"parent":0,"menu_order":0,"comment_status":"closed","ping_status":"closed","template":"","meta":{"_eb_attr":"","_monsterinsights_skip_tracking":false,"_monsterinsights_sitenote_active":false,"_monsterinsights_sitenote_note":"","_monsterinsights_sitenote_category":0,"site-sidebar-layout":"no-sidebar","site-content-layout":"page-builder","ast-site-content-layout":"default","site-content-style":"default","site-sidebar-style":"default","ast-global-header-display":"","ast-banner-title-visibility":"","ast-main-header-display":"","ast-hfb-above-header-display":"","ast-hfb-below-header-display":"","ast-hfb-mobile-header-display":"","site-post-title":"disabled","ast-breadcrumbs-content":"","ast-featured-img":"disabled","footer-sml-layout":"","theme-transparent-header-meta":"","adv-header-id-meta":"","stick-header-meta":"","header-above-stick-meta":"","header-main-stick-meta":"","header-below-stick-meta":"","astra-migrate-meta-layouts":"default","ast-page-background-enabled":"default","ast-page-background-meta":{"desktop":{"background-color":"","background-image":"","background-repeat":"repeat","background-position":"center center","background-size":"auto","background-attachment":"scroll","background-type":"","background-media":"","overlay-type":"","overlay-color":"","overlay-opacity":"","overlay-gradient":""},"tablet":{"background-color":"","background-image":"","background-repeat":"repeat","background-position":"center center","background-size":"auto","background-attachment":"scroll","background-type":"","background-media":"","overlay-type":"","overlay-color":"","overlay-opacity":"","overlay-gradient":""},"mobile":{"background-color":"","background-image":"","background-repeat":"repeat","background-position":"center center","background-size":"auto","background-attachment":"scroll","background-type":"","background-media":"","overlay-type":"","overlay-color":"","overlay-opacity":"","overlay-gradient":""}},"ast-content-background-meta":{"desktop":{"background-color":"var(--ast-global-color-5)","background-image":"","background-repeat":"repeat","background-position":"center center","background-size":"auto","background-attachment":"scroll","background-type":"","background-media":"","overlay-type":"","overlay-color":"","overlay-opacity":"","overlay-gradient":""},"tablet":{"background-color":"var(--ast-global-color-5)","background-image":"","background-repeat":"repeat","background-position":"center center","background-size":"auto","background-attachment":"scroll","background-type":"","background-media":"","overlay-type":"","overlay-color":"","overlay-opacity":"","overlay-gradient":""},"mobile":{"background-color":"var(--ast-global-color-5)","background-image":"","background-repeat":"repeat","background-position":"center center","background-size":"auto","background-attachment":"scroll","background-type":"","background-media":"","overlay-type":"","overlay-color":"","overlay-opacity":"","overlay-gradient":""}},"footnotes":""},"class_list":["post-6599","page","type-page","status-publish","hentry"],"yoast_head":"<!-- This site is optimized with the Yoast SEO plugin v27.3 - https:\/\/yoast.com\/product\/yoast-seo-wordpress\/ -->\n<title>Colorantes Naturales - Cabarria IQA S.A.S<\/title>\n<meta name=\"description\" content=\"Colorantes que se obtienen de alimentos o de fuentes naturales. Cada vez m\u00e1s utilizados en la industria alimenticia por naturalidad.\" \/>\n<meta name=\"robots\" content=\"index, follow, max-snippet:-1, max-image-preview:large, max-video-preview:-1\" \/>\n<link rel=\"canonical\" href=\"https:\/\/cabarriaiqa.com\/web\/colorantes-naturales\/\" \/>\n<meta property=\"og:locale\" content=\"es_ES\" \/>\n<meta property=\"og:type\" content=\"article\" \/>\n<meta property=\"og:title\" content=\"Colorantes Naturales - Cabarria IQA S.A.S\" \/>\n<meta property=\"og:description\" content=\"Colorantes que se obtienen de alimentos o de fuentes naturales. Cada vez m\u00e1s utilizados en la industria alimenticia por naturalidad.\" \/>\n<meta property=\"og:url\" content=\"https:\/\/cabarriaiqa.com\/web\/colorantes-naturales\/\" \/>\n<meta property=\"og:site_name\" content=\"Cabarria IQA S.A.S\" \/>\n<meta property=\"article:publisher\" content=\"https:\/\/www.facebook.com\/CabarriaIQA\" \/>\n<meta property=\"article:modified_time\" content=\"2025-07-23T21:22:55+00:00\" \/>\n<meta property=\"og:image\" content=\"https:\/\/cabarriaiqa.com\/web\/wp-content\/uploads\/2025\/07\/Colorantes-Naturales-Cabarria-IQA-01.jpg\" \/>\n\t<meta property=\"og:image:width\" content=\"500\" \/>\n\t<meta property=\"og:image:height\" content=\"500\" \/>\n\t<meta property=\"og:image:type\" content=\"image\/jpeg\" \/>\n<meta name=\"twitter:card\" content=\"summary_large_image\" \/>\n<meta name=\"twitter:label1\" content=\"Tiempo de lectura\" \/>\n\t<meta name=\"twitter:data1\" content=\"1 minuto\" \/>\n<script type=\"application\/ld+json\" class=\"yoast-schema-graph\">{\"@context\":\"https:\\\/\\\/schema.org\",\"@graph\":[{\"@type\":\"WebPage\",\"@id\":\"https:\\\/\\\/cabarriaiqa.com\\\/web\\\/colorantes-naturales\\\/\",\"url\":\"https:\\\/\\\/cabarriaiqa.com\\\/web\\\/colorantes-naturales\\\/\",\"name\":\"Colorantes Naturales - Cabarria IQA S.A.S\",\"isPartOf\":{\"@id\":\"https:\\\/\\\/cabarriaiqa.com\\\/web\\\/#website\"},\"primaryImageOfPage\":{\"@id\":\"https:\\\/\\\/cabarriaiqa.com\\\/web\\\/colorantes-naturales\\\/#primaryimage\"},\"image\":{\"@id\":\"https:\\\/\\\/cabarriaiqa.com\\\/web\\\/colorantes-naturales\\\/#primaryimage\"},\"thumbnailUrl\":\"https:\\\/\\\/cabarriaiqa.com\\\/web\\\/wp-content\\\/uploads\\\/2025\\\/07\\\/Colorantes-Naturales-Cabarria-IQA-01.jpg\",\"datePublished\":\"2021-09-22T14:43:32+00:00\",\"dateModified\":\"2025-07-23T21:22:55+00:00\",\"description\":\"Colorantes que se obtienen de alimentos o de fuentes naturales. Cada vez m\u00e1s utilizados en la industria alimenticia por naturalidad.\",\"breadcrumb\":{\"@id\":\"https:\\\/\\\/cabarriaiqa.com\\\/web\\\/colorantes-naturales\\\/#breadcrumb\"},\"inLanguage\":\"es\",\"potentialAction\":[{\"@type\":\"ReadAction\",\"target\":[\"https:\\\/\\\/cabarriaiqa.com\\\/web\\\/colorantes-naturales\\\/\"]}]},{\"@type\":\"ImageObject\",\"inLanguage\":\"es\",\"@id\":\"https:\\\/\\\/cabarriaiqa.com\\\/web\\\/colorantes-naturales\\\/#primaryimage\",\"url\":\"https:\\\/\\\/cabarriaiqa.com\\\/web\\\/wp-content\\\/uploads\\\/2025\\\/07\\\/Colorantes-Naturales-Cabarria-IQA-01.jpg\",\"contentUrl\":\"https:\\\/\\\/cabarriaiqa.com\\\/web\\\/wp-content\\\/uploads\\\/2025\\\/07\\\/Colorantes-Naturales-Cabarria-IQA-01.jpg\",\"width\":500,\"height\":500},{\"@type\":\"BreadcrumbList\",\"@id\":\"https:\\\/\\\/cabarriaiqa.com\\\/web\\\/colorantes-naturales\\\/#breadcrumb\",\"itemListElement\":[{\"@type\":\"ListItem\",\"position\":1,\"name\":\"Portada\",\"item\":\"https:\\\/\\\/cabarriaiqa.com\\\/web\\\/\"},{\"@type\":\"ListItem\",\"position\":2,\"name\":\"Colorantes Naturales\"}]},{\"@type\":\"WebSite\",\"@id\":\"https:\\\/\\\/cabarriaiqa.com\\\/web\\\/#website\",\"url\":\"https:\\\/\\\/cabarriaiqa.com\\\/web\\\/\",\"name\":\"Cabarria IQA S.A.S\",\"description\":\"Empresa Industrial\",\"publisher\":{\"@id\":\"https:\\\/\\\/cabarriaiqa.com\\\/web\\\/#organization\"},\"potentialAction\":[{\"@type\":\"SearchAction\",\"target\":{\"@type\":\"EntryPoint\",\"urlTemplate\":\"https:\\\/\\\/cabarriaiqa.com\\\/web\\\/?s={search_term_string}\"},\"query-input\":{\"@type\":\"PropertyValueSpecification\",\"valueRequired\":true,\"valueName\":\"search_term_string\"}}],\"inLanguage\":\"es\"},{\"@type\":\"Organization\",\"@id\":\"https:\\\/\\\/cabarriaiqa.com\\\/web\\\/#organization\",\"name\":\"Cabarria IQA S.A.S\",\"url\":\"https:\\\/\\\/cabarriaiqa.com\\\/web\\\/\",\"logo\":{\"@type\":\"ImageObject\",\"inLanguage\":\"es\",\"@id\":\"https:\\\/\\\/cabarriaiqa.com\\\/web\\\/#\\\/schema\\\/logo\\\/image\\\/\",\"url\":\"https:\\\/\\\/cabarriaiqa.com\\\/web\\\/wp-content\\\/uploads\\\/2021\\\/08\\\/cropped-cropped-cropped-Mesa-de-trabajo-5.png\",\"contentUrl\":\"https:\\\/\\\/cabarriaiqa.com\\\/web\\\/wp-content\\\/uploads\\\/2021\\\/08\\\/cropped-cropped-cropped-Mesa-de-trabajo-5.png\",\"width\":1080,\"height\":441,\"caption\":\"Cabarria IQA S.A.S\"},\"image\":{\"@id\":\"https:\\\/\\\/cabarriaiqa.com\\\/web\\\/#\\\/schema\\\/logo\\\/image\\\/\"},\"sameAs\":[\"https:\\\/\\\/www.facebook.com\\\/CabarriaIQA\",\"https:\\\/\\\/www.linkedin.com\\\/in\\\/cabarriaiqa\\\/\",\"https:\\\/\\\/www.instagram.com\\\/cabarriaiqa\\\/\"]}]}<\/script>\n<!-- \/ Yoast SEO plugin. -->","yoast_head_json":{"title":"Colorantes Naturales - Cabarria IQA S.A.S","description":"Colorantes que se obtienen de alimentos o de fuentes naturales. Cada vez m\u00e1s utilizados en la industria alimenticia por naturalidad.","robots":{"index":"index","follow":"follow","max-snippet":"max-snippet:-1","max-image-preview":"max-image-preview:large","max-video-preview":"max-video-preview:-1"},"canonical":"https:\/\/cabarriaiqa.com\/web\/colorantes-naturales\/","og_locale":"es_ES","og_type":"article","og_title":"Colorantes Naturales - Cabarria IQA S.A.S","og_description":"Colorantes que se obtienen de alimentos o de fuentes naturales. Cada vez m\u00e1s utilizados en la industria alimenticia por naturalidad.","og_url":"https:\/\/cabarriaiqa.com\/web\/colorantes-naturales\/","og_site_name":"Cabarria IQA S.A.S","article_publisher":"https:\/\/www.facebook.com\/CabarriaIQA","article_modified_time":"2025-07-23T21:22:55+00:00","og_image":[{"width":500,"height":500,"url":"https:\/\/cabarriaiqa.com\/web\/wp-content\/uploads\/2025\/07\/Colorantes-Naturales-Cabarria-IQA-01.jpg","type":"image\/jpeg"}],"twitter_card":"summary_large_image","twitter_misc":{"Tiempo de lectura":"1 minuto"},"schema":{"@context":"https:\/\/schema.org","@graph":[{"@type":"WebPage","@id":"https:\/\/cabarriaiqa.com\/web\/colorantes-naturales\/","url":"https:\/\/cabarriaiqa.com\/web\/colorantes-naturales\/","name":"Colorantes Naturales - Cabarria IQA S.A.S","isPartOf":{"@id":"https:\/\/cabarriaiqa.com\/web\/#website"},"primaryImageOfPage":{"@id":"https:\/\/cabarriaiqa.com\/web\/colorantes-naturales\/#primaryimage"},"image":{"@id":"https:\/\/cabarriaiqa.com\/web\/colorantes-naturales\/#primaryimage"},"thumbnailUrl":"https:\/\/cabarriaiqa.com\/web\/wp-content\/uploads\/2025\/07\/Colorantes-Naturales-Cabarria-IQA-01.jpg","datePublished":"2021-09-22T14:43:32+00:00","dateModified":"2025-07-23T21:22:55+00:00","description":"Colorantes que se obtienen de alimentos o de fuentes naturales. Cada vez m\u00e1s utilizados en la industria alimenticia por naturalidad.","breadcrumb":{"@id":"https:\/\/cabarriaiqa.com\/web\/colorantes-naturales\/#breadcrumb"},"inLanguage":"es","potentialAction":[{"@type":"ReadAction","target":["https:\/\/cabarriaiqa.com\/web\/colorantes-naturales\/"]}]},{"@type":"ImageObject","inLanguage":"es","@id":"https:\/\/cabarriaiqa.com\/web\/colorantes-naturales\/#primaryimage","url":"https:\/\/cabarriaiqa.com\/web\/wp-content\/uploads\/2025\/07\/Colorantes-Naturales-Cabarria-IQA-01.jpg","contentUrl":"https:\/\/cabarriaiqa.com\/web\/wp-content\/uploads\/2025\/07\/Colorantes-Naturales-Cabarria-IQA-01.jpg","width":500,"height":500},{"@type":"BreadcrumbList","@id":"https:\/\/cabarriaiqa.com\/web\/colorantes-naturales\/#breadcrumb","itemListElement":[{"@type":"ListItem","position":1,"name":"Portada","item":"https:\/\/cabarriaiqa.com\/web\/"},{"@type":"ListItem","position":2,"name":"Colorantes Naturales"}]},{"@type":"WebSite","@id":"https:\/\/cabarriaiqa.com\/web\/#website","url":"https:\/\/cabarriaiqa.com\/web\/","name":"Cabarria IQA S.A.S","description":"Empresa Industrial","publisher":{"@id":"https:\/\/cabarriaiqa.com\/web\/#organization"},"potentialAction":[{"@type":"SearchAction","target":{"@type":"EntryPoint","urlTemplate":"https:\/\/cabarriaiqa.com\/web\/?s={search_term_string}"},"query-input":{"@type":"PropertyValueSpecification","valueRequired":true,"valueName":"search_term_string"}}],"inLanguage":"es"},{"@type":"Organization","@id":"https:\/\/cabarriaiqa.com\/web\/#organization","name":"Cabarria IQA S.A.S","url":"https:\/\/cabarriaiqa.com\/web\/","logo":{"@type":"ImageObject","inLanguage":"es","@id":"https:\/\/cabarriaiqa.com\/web\/#\/schema\/logo\/image\/","url":"https:\/\/cabarriaiqa.com\/web\/wp-content\/uploads\/2021\/08\/cropped-cropped-cropped-Mesa-de-trabajo-5.png","contentUrl":"https:\/\/cabarriaiqa.com\/web\/wp-content\/uploads\/2021\/08\/cropped-cropped-cropped-Mesa-de-trabajo-5.png","width":1080,"height":441,"caption":"Cabarria IQA S.A.S"},"image":{"@id":"https:\/\/cabarriaiqa.com\/web\/#\/schema\/logo\/image\/"},"sameAs":["https:\/\/www.facebook.com\/CabarriaIQA","https:\/\/www.linkedin.com\/in\/cabarriaiqa\/","https:\/\/www.instagram.com\/cabarriaiqa\/"]}]}},"_links":{"self":[{"href":"https:\/\/cabarriaiqa.com\/web\/wp-json\/wp\/v2\/pages\/6599","targetHints":{"allow":["GET"]}}],"collection":[{"href":"https:\/\/cabarriaiqa.com\/web\/wp-json\/wp\/v2\/pages"}],"about":[{"href":"https:\/\/cabarriaiqa.com\/web\/wp-json\/wp\/v2\/types\/page"}],"author":[{"embeddable":true,"href":"https:\/\/cabarriaiqa.com\/web\/wp-json\/wp\/v2\/users\/1"}],"replies":[{"embeddable":true,"href":"https:\/\/cabarriaiqa.com\/web\/wp-json\/wp\/v2\/comments?post=6599"}],"version-history":[{"count":13,"href":"https:\/\/cabarriaiqa.com\/web\/wp-json\/wp\/v2\/pages\/6599\/revisions"}],"predecessor-version":[{"id":16416,"href":"https:\/\/cabarriaiqa.com\/web\/wp-json\/wp\/v2\/pages\/6599\/revisions\/16416"}],"wp:attachment":[{"href":"https:\/\/cabarriaiqa.com\/web\/wp-json\/wp\/v2\/media?parent=6599"}],"curies":[{"name":"wp","href":"https:\/\/api.w.org\/{rel}","templated":true}]}}