{"id":5375,"date":"2021-09-01T11:08:49","date_gmt":"2021-09-01T16:08:49","guid":{"rendered":"https:\/\/cabarriaiqa.com\/web\/?page_id=5375"},"modified":"2025-07-23T16:47:20","modified_gmt":"2025-07-23T21:47:20","slug":"sirope-jarabes","status":"publish","type":"page","link":"https:\/\/cabarriaiqa.com\/web\/sirope-jarabes\/","title":{"rendered":"Sirope &#038; Jarabes"},"content":{"rendered":"\t\t<div data-elementor-type=\"wp-page\" data-elementor-id=\"5375\" class=\"elementor elementor-5375\">\n\t\t\t\t\t\t<section class=\"elementor-section elementor-top-section elementor-element elementor-element-7e47368 elementor-section-height-min-height elementor-section-boxed elementor-section-height-default elementor-section-items-middle\" data-id=\"7e47368\" data-element_type=\"section\" data-e-type=\"section\" data-settings=\"{&quot;background_background&quot;:&quot;slideshow&quot;,&quot;background_slideshow_gallery&quot;:[{&quot;id&quot;:15694,&quot;url&quot;:&quot;https:\\\/\\\/cabarriaiqa.com\\\/web\\\/wp-content\\\/uploads\\\/2025\\\/07\\\/Banner-Home-Siropes-Cabarria-iqa-17.jpg&quot;},{&quot;id&quot;:15695,&quot;url&quot;:&quot;https:\\\/\\\/cabarriaiqa.com\\\/web\\\/wp-content\\\/uploads\\\/2025\\\/07\\\/Banner-Home-Siropes-Cabarria-iqa-18.jpg&quot;}],&quot;background_slideshow_loop&quot;:&quot;yes&quot;,&quot;background_slideshow_slide_duration&quot;:5000,&quot;background_slideshow_slide_transition&quot;:&quot;fade&quot;,&quot;background_slideshow_transition_duration&quot;:500}\">\n\t\t\t\t\t\t\t<div class=\"elementor-background-overlay\"><\/div>\n\t\t\t\t\t\t\t<div class=\"elementor-container elementor-column-gap-no\">\n\t\t\t\t\t<div class=\"elementor-column elementor-col-100 elementor-top-column elementor-element elementor-element-159e12c\" data-id=\"159e12c\" data-element_type=\"column\" data-e-type=\"column\">\n\t\t\t<div class=\"elementor-widget-wrap elementor-element-populated\">\n\t\t\t\t\t\t<section class=\"elementor-section elementor-inner-section elementor-element elementor-element-5580fa7 elementor-section-boxed elementor-section-height-default elementor-section-height-default\" data-id=\"5580fa7\" data-element_type=\"section\" data-e-type=\"section\">\n\t\t\t\t\t\t<div class=\"elementor-container elementor-column-gap-default\">\n\t\t\t\t\t<div class=\"elementor-column elementor-col-50 elementor-inner-column elementor-element elementor-element-59d9963\" data-id=\"59d9963\" data-element_type=\"column\" data-e-type=\"column\">\n\t\t\t<div class=\"elementor-widget-wrap elementor-element-populated\">\n\t\t\t\t\t\t<div class=\"elementor-element elementor-element-4aec308 elementor-invisible elementor-widget elementor-widget-elementskit-heading\" data-id=\"4aec308\" data-element_type=\"widget\" data-e-type=\"widget\" data-settings=\"{&quot;_animation&quot;:&quot;fadeInUp&quot;}\" data-widget_type=\"elementskit-heading.default\">\n\t\t\t\t<div class=\"elementor-widget-container\">\n\t\t\t\t\t<div class=\"ekit-wid-con\" ><div class=\"ekit-heading elementskit-section-title-wraper text_left   ekit_heading_tablet-   ekit_heading_mobile-\"><p class=\"elementskit-section-subtitle  \">\n\t\t\t\t\t\tNuestros\n\t\t\t\t\t<\/p><h2 class=\"ekit-heading--title elementskit-section-title \">Siropes y jarabes<\/h2><\/div><\/div>\t\t\t\t<\/div>\n\t\t\t\t<\/div>\n\t\t\t\t<div class=\"elementor-element elementor-element-6454e0e elementor-align-left elementor-align--mobilecenter elementor-widget elementor-widget-elementskit-button\" data-id=\"6454e0e\" data-element_type=\"widget\" data-e-type=\"widget\" data-widget_type=\"elementskit-button.default\">\n\t\t\t\t<div class=\"elementor-widget-container\">\n\t\t\t\t\t<div class=\"ekit-wid-con\" >\t\t<div class=\"ekit-btn-wraper\">\n\t\t\t\t\t\t\t<a href=\"https:\/\/cabarriaiqa.com\/web\/contacto\/\" class=\"elementskit-btn  whitespace--normal\" id=\"\">\n\t\t\t\t\tCont\u00e1ctanos\t\t\t\t<\/a>\n\t\t\t\t\t<\/div>\n        <\/div>\t\t\t\t<\/div>\n\t\t\t\t<\/div>\n\t\t\t\t\t<\/div>\n\t\t<\/div>\n\t\t\t\t<div class=\"elementor-column elementor-col-50 elementor-inner-column elementor-element elementor-element-8ea7aad\" data-id=\"8ea7aad\" data-element_type=\"column\" data-e-type=\"column\">\n\t\t\t<div class=\"elementor-widget-wrap\">\n\t\t\t\t\t\t\t<\/div>\n\t\t<\/div>\n\t\t\t\t\t<\/div>\n\t\t<\/section>\n\t\t\t\t\t<\/div>\n\t\t<\/div>\n\t\t\t\t\t<\/div>\n\t\t<\/section>\n\t\t\t\t<section class=\"elementor-section elementor-top-section elementor-element elementor-element-df32af5 elementor-section-height-min-height elementor-section-content-middle elementor-section-boxed elementor-section-height-default elementor-section-items-middle\" data-id=\"df32af5\" data-element_type=\"section\" data-e-type=\"section\" data-settings=\"{&quot;background_background&quot;:&quot;classic&quot;}\">\n\t\t\t\t\t\t<div class=\"elementor-container elementor-column-gap-extended\">\n\t\t\t\t\t<div class=\"elementor-column elementor-col-50 elementor-top-column elementor-element elementor-element-22b89d6\" data-id=\"22b89d6\" data-element_type=\"column\" data-e-type=\"column\">\n\t\t\t<div class=\"elementor-widget-wrap elementor-element-populated\">\n\t\t\t\t\t\t<div class=\"elementor-element elementor-element-924ea3d elementor-widget elementor-widget-text-editor\" data-id=\"924ea3d\" data-element_type=\"widget\" data-e-type=\"widget\" data-widget_type=\"text-editor.default\">\n\t\t\t\t<div class=\"elementor-widget-container\">\n\t\t\t\t\t\t\t\t\t<p>Nuestros jarabes y az\u00facar invertido son mezclas cuidadosamente formuladas de\u00a0<strong>glucosa, fructosa y sacarosa<\/strong>, dise\u00f1adas para ofrecer\u00a0<strong>m\u00e1xima solubilidad, estabilidad y poder edulcorante<\/strong>. Son ideales para aplicaciones en las industrias\u00a0<strong>alimentaria y farmac\u00e9utica<\/strong>, donde la textura, el sabor y la conservaci\u00f3n son clave.<\/p><h4><strong>Aplicaciones destacadas:<\/strong><\/h4><ul><li><strong>Jarabes alimenticios:<\/strong>\u00a0bebidas, confiter\u00eda, panader\u00eda, helader\u00eda.<\/li><li><strong>Jarabes farmac\u00e9uticos:<\/strong>\u00a0formulaciones l\u00edquidas, suspensiones orales.<\/li><\/ul>\t\t\t\t\t\t\t\t<\/div>\n\t\t\t\t<\/div>\n\t\t\t\t<div class=\"elementor-element elementor-element-144a55b elementor-align-left elementor-align--mobilecenter elementor-widget elementor-widget-elementskit-button\" data-id=\"144a55b\" data-element_type=\"widget\" data-e-type=\"widget\" data-widget_type=\"elementskit-button.default\">\n\t\t\t\t<div class=\"elementor-widget-container\">\n\t\t\t\t\t<div class=\"ekit-wid-con\" >\t\t<div class=\"ekit-btn-wraper\">\n\t\t\t\t\t\t\t<a href=\"https:\/\/cabarriaiqa.com\/web\/contacto\/\" class=\"elementskit-btn  whitespace--normal\" id=\"\">\n\t\t\t\t\tCont\u00e1ctanos\t\t\t\t<\/a>\n\t\t\t\t\t<\/div>\n        <\/div>\t\t\t\t<\/div>\n\t\t\t\t<\/div>\n\t\t\t\t\t<\/div>\n\t\t<\/div>\n\t\t\t\t<div class=\"elementor-column elementor-col-50 elementor-top-column elementor-element elementor-element-726475e\" data-id=\"726475e\" data-element_type=\"column\" data-e-type=\"column\">\n\t\t\t<div class=\"elementor-widget-wrap elementor-element-populated\">\n\t\t\t\t\t\t<div class=\"elementor-element elementor-element-2fba729 elementor-widget elementor-widget-image-carousel\" data-id=\"2fba729\" data-element_type=\"widget\" data-e-type=\"widget\" data-settings=\"{&quot;slides_to_show&quot;:&quot;1&quot;,&quot;navigation&quot;:&quot;none&quot;,&quot;autoplay_speed&quot;:4000,&quot;autoplay&quot;:&quot;yes&quot;,&quot;pause_on_hover&quot;:&quot;yes&quot;,&quot;pause_on_interaction&quot;:&quot;yes&quot;,&quot;infinite&quot;:&quot;yes&quot;,&quot;effect&quot;:&quot;slide&quot;,&quot;speed&quot;:500}\" data-widget_type=\"image-carousel.default\">\n\t\t\t\t<div class=\"elementor-widget-container\">\n\t\t\t\t\t\t\t<div class=\"elementor-image-carousel-wrapper swiper\" role=\"region\" aria-roledescription=\"carousel\" aria-label=\"Carrusel de im\u00e1genes\" dir=\"ltr\">\n\t\t\t<div class=\"elementor-image-carousel swiper-wrapper\" aria-live=\"off\">\n\t\t\t\t\t\t\t\t<div class=\"swiper-slide\" role=\"group\" aria-roledescription=\"slide\" aria-label=\"1 de 2\"><figure class=\"swiper-slide-inner\"><img decoding=\"async\" class=\"swiper-slide-image\" src=\"https:\/\/cabarriaiqa.com\/web\/wp-content\/uploads\/elementor\/thumbs\/Banner-Home-Siropes-Cabarria-iqa-15-r8exv27tmiakv54ffd0q83dvf72l07mw5i4200myko.jpg\" alt=\"Banner Home-Siropes-Cabarria-iqa-15\" \/><\/figure><\/div><div class=\"swiper-slide\" role=\"group\" aria-roledescription=\"slide\" aria-label=\"2 de 2\"><figure class=\"swiper-slide-inner\"><img decoding=\"async\" class=\"swiper-slide-image\" src=\"https:\/\/cabarriaiqa.com\/web\/wp-content\/uploads\/elementor\/thumbs\/Banner-Home-Siropes-Cabarria-iqa-16-r8ey5x8oll5v0xcg021j1cpmjhj9yar8b9i1n4j6o8.jpg\" alt=\"Banner Home-Siropes-Cabarria-iqa-16\" \/><\/figure><\/div>\t\t\t<\/div>\n\t\t\t\t\t\t\t\n\t\t\t\t\t\t\t\t\t<\/div>\n\t\t\t\t\t\t<\/div>\n\t\t\t\t<\/div>\n\t\t\t\t\t<\/div>\n\t\t<\/div>\n\t\t\t\t\t<\/div>\n\t\t<\/section>\n\t\t\t\t<section class=\"elementor-section elementor-top-section elementor-element elementor-element-7c422b6 elementor-section-boxed elementor-section-height-default elementor-section-height-default\" data-id=\"7c422b6\" data-element_type=\"section\" data-e-type=\"section\">\n\t\t\t\t\t\t<div class=\"elementor-container elementor-column-gap-default\">\n\t\t\t\t\t<div class=\"elementor-column elementor-col-100 elementor-top-column elementor-element elementor-element-45906dd\" data-id=\"45906dd\" data-element_type=\"column\" data-e-type=\"column\">\n\t\t\t<div class=\"elementor-widget-wrap elementor-element-populated\">\n\t\t\t\t\t\t<div class=\"elementor-element elementor-element-40c826f elementor-align-center elementor-widget elementor-widget-button\" data-id=\"40c826f\" data-element_type=\"widget\" data-e-type=\"widget\" data-widget_type=\"button.default\">\n\t\t\t\t<div class=\"elementor-widget-container\">\n\t\t\t\t\t\t\t\t\t<div class=\"elementor-button-wrapper\">\n\t\t\t\t\t<a class=\"elementor-button elementor-button-link elementor-size-sm\" href=\"https:\/\/cabarriaiqa.com\/web\/linea-alimentos\/\">\n\t\t\t\t\t\t<span class=\"elementor-button-content-wrapper\">\n\t\t\t\t\t\t\t\t\t<span class=\"elementor-button-text\">Volver al Inicio<\/span>\n\t\t\t\t\t<\/span>\n\t\t\t\t\t<\/a>\n\t\t\t\t<\/div>\n\t\t\t\t\t\t\t\t<\/div>\n\t\t\t\t<\/div>\n\t\t\t\t\t<\/div>\n\t\t<\/div>\n\t\t\t\t\t<\/div>\n\t\t<\/section>\n\t\t\t\t<\/div>\n\t\t","protected":false},"excerpt":{"rendered":"<p>Nuestros Siropes y jarabes Cont\u00e1ctanos Nuestros jarabes y az\u00facar invertido son mezclas cuidadosamente formuladas de\u00a0glucosa, fructosa y sacarosa, dise\u00f1adas para ofrecer\u00a0m\u00e1xima solubilidad, estabilidad y poder edulcorante. Son ideales para aplicaciones en las industrias\u00a0alimentaria y farmac\u00e9utica, donde la textura, el sabor y la conservaci\u00f3n son clave. Aplicaciones destacadas: Jarabes alimenticios:\u00a0bebidas, confiter\u00eda, panader\u00eda, helader\u00eda. Jarabes farmac\u00e9uticos:\u00a0formulaciones l\u00edquidas, [&hellip;]<\/p>\n","protected":false},"author":1,"featured_media":0,"parent":0,"menu_order":0,"comment_status":"closed","ping_status":"closed","template":"","meta":{"_eb_attr":"","_monsterinsights_skip_tracking":false,"_monsterinsights_sitenote_active":false,"_monsterinsights_sitenote_note":"","_monsterinsights_sitenote_category":0,"site-sidebar-layout":"no-sidebar","site-content-layout":"page-builder","ast-site-content-layout":"default","site-content-style":"default","site-sidebar-style":"default","ast-global-header-display":"","ast-banner-title-visibility":"","ast-main-header-display":"","ast-hfb-above-header-display":"","ast-hfb-below-header-display":"","ast-hfb-mobile-header-display":"","site-post-title":"disabled","ast-breadcrumbs-content":"","ast-featured-img":"disabled","footer-sml-layout":"","theme-transparent-header-meta":"","adv-header-id-meta":"","stick-header-meta":"","header-above-stick-meta":"","header-main-stick-meta":"","header-below-stick-meta":"","astra-migrate-meta-layouts":"default","ast-page-background-enabled":"default","ast-page-background-meta":{"desktop":{"background-color":"","background-image":"","background-repeat":"repeat","background-position":"center center","background-size":"auto","background-attachment":"scroll","background-type":"","background-media":"","overlay-type":"","overlay-color":"","overlay-opacity":"","overlay-gradient":""},"tablet":{"background-color":"","background-image":"","background-repeat":"repeat","background-position":"center center","background-size":"auto","background-attachment":"scroll","background-type":"","background-media":"","overlay-type":"","overlay-color":"","overlay-opacity":"","overlay-gradient":""},"mobile":{"background-color":"","background-image":"","background-repeat":"repeat","background-position":"center center","background-size":"auto","background-attachment":"scroll","background-type":"","background-media":"","overlay-type":"","overlay-color":"","overlay-opacity":"","overlay-gradient":""}},"ast-content-background-meta":{"desktop":{"background-color":"var(--ast-global-color-5)","background-image":"","background-repeat":"repeat","background-position":"center center","background-size":"auto","background-attachment":"scroll","background-type":"","background-media":"","overlay-type":"","overlay-color":"","overlay-opacity":"","overlay-gradient":""},"tablet":{"background-color":"var(--ast-global-color-5)","background-image":"","background-repeat":"repeat","background-position":"center center","background-size":"auto","background-attachment":"scroll","background-type":"","background-media":"","overlay-type":"","overlay-color":"","overlay-opacity":"","overlay-gradient":""},"mobile":{"background-color":"var(--ast-global-color-5)","background-image":"","background-repeat":"repeat","background-position":"center center","background-size":"auto","background-attachment":"scroll","background-type":"","background-media":"","overlay-type":"","overlay-color":"","overlay-opacity":"","overlay-gradient":""}},"footnotes":""},"class_list":["post-5375","page","type-page","status-publish","hentry"],"yoast_head":"<!-- This site is optimized with the Yoast SEO plugin v27.3 - https:\/\/yoast.com\/product\/yoast-seo-wordpress\/ -->\n<title>Sirope &amp; Jarabes - Cabarria IQA S.A.S<\/title>\n<meta name=\"robots\" content=\"index, follow, max-snippet:-1, max-image-preview:large, max-video-preview:-1\" \/>\n<link rel=\"canonical\" href=\"https:\/\/cabarriaiqa.com\/web\/sirope-jarabes\/\" \/>\n<meta property=\"og:locale\" content=\"es_ES\" \/>\n<meta property=\"og:type\" content=\"article\" \/>\n<meta property=\"og:title\" content=\"Sirope &amp; Jarabes - Cabarria IQA S.A.S\" \/>\n<meta property=\"og:description\" content=\"Nuestros Siropes y jarabes Cont\u00e1ctanos Nuestros jarabes y az\u00facar invertido son mezclas cuidadosamente formuladas de\u00a0glucosa, fructosa y sacarosa, dise\u00f1adas para ofrecer\u00a0m\u00e1xima solubilidad, estabilidad y poder edulcorante. Son ideales para aplicaciones en las industrias\u00a0alimentaria y farmac\u00e9utica, donde la textura, el sabor y la conservaci\u00f3n son clave. Aplicaciones destacadas: Jarabes alimenticios:\u00a0bebidas, confiter\u00eda, panader\u00eda, helader\u00eda. Jarabes farmac\u00e9uticos:\u00a0formulaciones l\u00edquidas, [&hellip;]\" \/>\n<meta property=\"og:url\" content=\"https:\/\/cabarriaiqa.com\/web\/sirope-jarabes\/\" \/>\n<meta property=\"og:site_name\" content=\"Cabarria IQA S.A.S\" \/>\n<meta property=\"article:publisher\" content=\"https:\/\/www.facebook.com\/CabarriaIQA\" \/>\n<meta property=\"article:modified_time\" content=\"2025-07-23T21:47:20+00:00\" \/>\n<meta property=\"og:image\" content=\"https:\/\/cabarriaiqa.com\/web\/wp-content\/uploads\/elementor\/thumbs\/Banner-Home-Siropes-Cabarria-iqa-15-r8exv27tmiakv54ffd0q83dvf72l07mw5i41rqy48w.jpg\" \/>\n<meta name=\"twitter:card\" content=\"summary_large_image\" \/>\n<meta name=\"twitter:label1\" content=\"Tiempo de lectura\" \/>\n\t<meta name=\"twitter:data1\" content=\"2 minutos\" \/>\n<script type=\"application\/ld+json\" class=\"yoast-schema-graph\">{\"@context\":\"https:\\\/\\\/schema.org\",\"@graph\":[{\"@type\":\"WebPage\",\"@id\":\"https:\\\/\\\/cabarriaiqa.com\\\/web\\\/sirope-jarabes\\\/\",\"url\":\"https:\\\/\\\/cabarriaiqa.com\\\/web\\\/sirope-jarabes\\\/\",\"name\":\"Sirope & Jarabes - Cabarria IQA S.A.S\",\"isPartOf\":{\"@id\":\"https:\\\/\\\/cabarriaiqa.com\\\/web\\\/#website\"},\"primaryImageOfPage\":{\"@id\":\"https:\\\/\\\/cabarriaiqa.com\\\/web\\\/sirope-jarabes\\\/#primaryimage\"},\"image\":{\"@id\":\"https:\\\/\\\/cabarriaiqa.com\\\/web\\\/sirope-jarabes\\\/#primaryimage\"},\"thumbnailUrl\":\"https:\\\/\\\/cabarriaiqa.com\\\/web\\\/wp-content\\\/uploads\\\/elementor\\\/thumbs\\\/Banner-Home-Siropes-Cabarria-iqa-15-r8exv27tmiakv54ffd0q83dvf72l07mw5i41rqy48w.jpg\",\"datePublished\":\"2021-09-01T16:08:49+00:00\",\"dateModified\":\"2025-07-23T21:47:20+00:00\",\"breadcrumb\":{\"@id\":\"https:\\\/\\\/cabarriaiqa.com\\\/web\\\/sirope-jarabes\\\/#breadcrumb\"},\"inLanguage\":\"es\",\"potentialAction\":[{\"@type\":\"ReadAction\",\"target\":[\"https:\\\/\\\/cabarriaiqa.com\\\/web\\\/sirope-jarabes\\\/\"]}]},{\"@type\":\"ImageObject\",\"inLanguage\":\"es\",\"@id\":\"https:\\\/\\\/cabarriaiqa.com\\\/web\\\/sirope-jarabes\\\/#primaryimage\",\"url\":\"https:\\\/\\\/cabarriaiqa.com\\\/web\\\/wp-content\\\/uploads\\\/elementor\\\/thumbs\\\/Banner-Home-Siropes-Cabarria-iqa-15-r8exv27tmiakv54ffd0q83dvf72l07mw5i41rqy48w.jpg\",\"contentUrl\":\"https:\\\/\\\/cabarriaiqa.com\\\/web\\\/wp-content\\\/uploads\\\/elementor\\\/thumbs\\\/Banner-Home-Siropes-Cabarria-iqa-15-r8exv27tmiakv54ffd0q83dvf72l07mw5i41rqy48w.jpg\"},{\"@type\":\"BreadcrumbList\",\"@id\":\"https:\\\/\\\/cabarriaiqa.com\\\/web\\\/sirope-jarabes\\\/#breadcrumb\",\"itemListElement\":[{\"@type\":\"ListItem\",\"position\":1,\"name\":\"Portada\",\"item\":\"https:\\\/\\\/cabarriaiqa.com\\\/web\\\/\"},{\"@type\":\"ListItem\",\"position\":2,\"name\":\"Sirope &#038; Jarabes\"}]},{\"@type\":\"WebSite\",\"@id\":\"https:\\\/\\\/cabarriaiqa.com\\\/web\\\/#website\",\"url\":\"https:\\\/\\\/cabarriaiqa.com\\\/web\\\/\",\"name\":\"Cabarria IQA S.A.S\",\"description\":\"Empresa Industrial\",\"publisher\":{\"@id\":\"https:\\\/\\\/cabarriaiqa.com\\\/web\\\/#organization\"},\"potentialAction\":[{\"@type\":\"SearchAction\",\"target\":{\"@type\":\"EntryPoint\",\"urlTemplate\":\"https:\\\/\\\/cabarriaiqa.com\\\/web\\\/?s={search_term_string}\"},\"query-input\":{\"@type\":\"PropertyValueSpecification\",\"valueRequired\":true,\"valueName\":\"search_term_string\"}}],\"inLanguage\":\"es\"},{\"@type\":\"Organization\",\"@id\":\"https:\\\/\\\/cabarriaiqa.com\\\/web\\\/#organization\",\"name\":\"Cabarria IQA S.A.S\",\"url\":\"https:\\\/\\\/cabarriaiqa.com\\\/web\\\/\",\"logo\":{\"@type\":\"ImageObject\",\"inLanguage\":\"es\",\"@id\":\"https:\\\/\\\/cabarriaiqa.com\\\/web\\\/#\\\/schema\\\/logo\\\/image\\\/\",\"url\":\"https:\\\/\\\/cabarriaiqa.com\\\/web\\\/wp-content\\\/uploads\\\/2021\\\/08\\\/cropped-cropped-cropped-Mesa-de-trabajo-5.png\",\"contentUrl\":\"https:\\\/\\\/cabarriaiqa.com\\\/web\\\/wp-content\\\/uploads\\\/2021\\\/08\\\/cropped-cropped-cropped-Mesa-de-trabajo-5.png\",\"width\":1080,\"height\":441,\"caption\":\"Cabarria IQA S.A.S\"},\"image\":{\"@id\":\"https:\\\/\\\/cabarriaiqa.com\\\/web\\\/#\\\/schema\\\/logo\\\/image\\\/\"},\"sameAs\":[\"https:\\\/\\\/www.facebook.com\\\/CabarriaIQA\",\"https:\\\/\\\/www.linkedin.com\\\/in\\\/cabarriaiqa\\\/\",\"https:\\\/\\\/www.instagram.com\\\/cabarriaiqa\\\/\"]}]}<\/script>\n<!-- \/ Yoast SEO plugin. -->","yoast_head_json":{"title":"Sirope & Jarabes - Cabarria IQA S.A.S","robots":{"index":"index","follow":"follow","max-snippet":"max-snippet:-1","max-image-preview":"max-image-preview:large","max-video-preview":"max-video-preview:-1"},"canonical":"https:\/\/cabarriaiqa.com\/web\/sirope-jarabes\/","og_locale":"es_ES","og_type":"article","og_title":"Sirope & Jarabes - Cabarria IQA S.A.S","og_description":"Nuestros Siropes y jarabes Cont\u00e1ctanos Nuestros jarabes y az\u00facar invertido son mezclas cuidadosamente formuladas de\u00a0glucosa, fructosa y sacarosa, dise\u00f1adas para ofrecer\u00a0m\u00e1xima solubilidad, estabilidad y poder edulcorante. Son ideales para aplicaciones en las industrias\u00a0alimentaria y farmac\u00e9utica, donde la textura, el sabor y la conservaci\u00f3n son clave. Aplicaciones destacadas: Jarabes alimenticios:\u00a0bebidas, confiter\u00eda, panader\u00eda, helader\u00eda. Jarabes farmac\u00e9uticos:\u00a0formulaciones l\u00edquidas, [&hellip;]","og_url":"https:\/\/cabarriaiqa.com\/web\/sirope-jarabes\/","og_site_name":"Cabarria IQA S.A.S","article_publisher":"https:\/\/www.facebook.com\/CabarriaIQA","article_modified_time":"2025-07-23T21:47:20+00:00","og_image":[{"url":"https:\/\/cabarriaiqa.com\/web\/wp-content\/uploads\/elementor\/thumbs\/Banner-Home-Siropes-Cabarria-iqa-15-r8exv27tmiakv54ffd0q83dvf72l07mw5i41rqy48w.jpg","type":"","width":"","height":""}],"twitter_card":"summary_large_image","twitter_misc":{"Tiempo de lectura":"2 minutos"},"schema":{"@context":"https:\/\/schema.org","@graph":[{"@type":"WebPage","@id":"https:\/\/cabarriaiqa.com\/web\/sirope-jarabes\/","url":"https:\/\/cabarriaiqa.com\/web\/sirope-jarabes\/","name":"Sirope & Jarabes - Cabarria IQA S.A.S","isPartOf":{"@id":"https:\/\/cabarriaiqa.com\/web\/#website"},"primaryImageOfPage":{"@id":"https:\/\/cabarriaiqa.com\/web\/sirope-jarabes\/#primaryimage"},"image":{"@id":"https:\/\/cabarriaiqa.com\/web\/sirope-jarabes\/#primaryimage"},"thumbnailUrl":"https:\/\/cabarriaiqa.com\/web\/wp-content\/uploads\/elementor\/thumbs\/Banner-Home-Siropes-Cabarria-iqa-15-r8exv27tmiakv54ffd0q83dvf72l07mw5i41rqy48w.jpg","datePublished":"2021-09-01T16:08:49+00:00","dateModified":"2025-07-23T21:47:20+00:00","breadcrumb":{"@id":"https:\/\/cabarriaiqa.com\/web\/sirope-jarabes\/#breadcrumb"},"inLanguage":"es","potentialAction":[{"@type":"ReadAction","target":["https:\/\/cabarriaiqa.com\/web\/sirope-jarabes\/"]}]},{"@type":"ImageObject","inLanguage":"es","@id":"https:\/\/cabarriaiqa.com\/web\/sirope-jarabes\/#primaryimage","url":"https:\/\/cabarriaiqa.com\/web\/wp-content\/uploads\/elementor\/thumbs\/Banner-Home-Siropes-Cabarria-iqa-15-r8exv27tmiakv54ffd0q83dvf72l07mw5i41rqy48w.jpg","contentUrl":"https:\/\/cabarriaiqa.com\/web\/wp-content\/uploads\/elementor\/thumbs\/Banner-Home-Siropes-Cabarria-iqa-15-r8exv27tmiakv54ffd0q83dvf72l07mw5i41rqy48w.jpg"},{"@type":"BreadcrumbList","@id":"https:\/\/cabarriaiqa.com\/web\/sirope-jarabes\/#breadcrumb","itemListElement":[{"@type":"ListItem","position":1,"name":"Portada","item":"https:\/\/cabarriaiqa.com\/web\/"},{"@type":"ListItem","position":2,"name":"Sirope &#038; Jarabes"}]},{"@type":"WebSite","@id":"https:\/\/cabarriaiqa.com\/web\/#website","url":"https:\/\/cabarriaiqa.com\/web\/","name":"Cabarria IQA S.A.S","description":"Empresa Industrial","publisher":{"@id":"https:\/\/cabarriaiqa.com\/web\/#organization"},"potentialAction":[{"@type":"SearchAction","target":{"@type":"EntryPoint","urlTemplate":"https:\/\/cabarriaiqa.com\/web\/?s={search_term_string}"},"query-input":{"@type":"PropertyValueSpecification","valueRequired":true,"valueName":"search_term_string"}}],"inLanguage":"es"},{"@type":"Organization","@id":"https:\/\/cabarriaiqa.com\/web\/#organization","name":"Cabarria IQA S.A.S","url":"https:\/\/cabarriaiqa.com\/web\/","logo":{"@type":"ImageObject","inLanguage":"es","@id":"https:\/\/cabarriaiqa.com\/web\/#\/schema\/logo\/image\/","url":"https:\/\/cabarriaiqa.com\/web\/wp-content\/uploads\/2021\/08\/cropped-cropped-cropped-Mesa-de-trabajo-5.png","contentUrl":"https:\/\/cabarriaiqa.com\/web\/wp-content\/uploads\/2021\/08\/cropped-cropped-cropped-Mesa-de-trabajo-5.png","width":1080,"height":441,"caption":"Cabarria IQA S.A.S"},"image":{"@id":"https:\/\/cabarriaiqa.com\/web\/#\/schema\/logo\/image\/"},"sameAs":["https:\/\/www.facebook.com\/CabarriaIQA","https:\/\/www.linkedin.com\/in\/cabarriaiqa\/","https:\/\/www.instagram.com\/cabarriaiqa\/"]}]}},"_links":{"self":[{"href":"https:\/\/cabarriaiqa.com\/web\/wp-json\/wp\/v2\/pages\/5375","targetHints":{"allow":["GET"]}}],"collection":[{"href":"https:\/\/cabarriaiqa.com\/web\/wp-json\/wp\/v2\/pages"}],"about":[{"href":"https:\/\/cabarriaiqa.com\/web\/wp-json\/wp\/v2\/types\/page"}],"author":[{"embeddable":true,"href":"https:\/\/cabarriaiqa.com\/web\/wp-json\/wp\/v2\/users\/1"}],"replies":[{"embeddable":true,"href":"https:\/\/cabarriaiqa.com\/web\/wp-json\/wp\/v2\/comments?post=5375"}],"version-history":[{"count":45,"href":"https:\/\/cabarriaiqa.com\/web\/wp-json\/wp\/v2\/pages\/5375\/revisions"}],"predecessor-version":[{"id":16427,"href":"https:\/\/cabarriaiqa.com\/web\/wp-json\/wp\/v2\/pages\/5375\/revisions\/16427"}],"wp:attachment":[{"href":"https:\/\/cabarriaiqa.com\/web\/wp-json\/wp\/v2\/media?parent=5375"}],"curies":[{"name":"wp","href":"https:\/\/api.w.org\/{rel}","templated":true}]}}