{"id":4418,"date":"2021-08-24T14:07:54","date_gmt":"2021-08-24T19:07:54","guid":{"rendered":"https:\/\/cabarriaiqa.com\/web\/?page_id=4418"},"modified":"2025-07-14T09:34:10","modified_gmt":"2025-07-14T14:34:10","slug":"desintegrantes","status":"publish","type":"page","link":"https:\/\/cabarriaiqa.com\/web\/desintegrantes\/","title":{"rendered":"Desintegrantes"},"content":{"rendered":"\t\t<div data-elementor-type=\"wp-page\" data-elementor-id=\"4418\" class=\"elementor elementor-4418\">\n\t\t\t\t\t\t<section class=\"elementor-section elementor-top-section elementor-element elementor-element-8bc2669 elementor-section-height-min-height elementor-section-boxed elementor-section-height-default elementor-section-items-middle\" data-id=\"8bc2669\" data-element_type=\"section\" data-e-type=\"section\" data-settings=\"{&quot;background_background&quot;:&quot;classic&quot;}\">\n\t\t\t\t\t\t\t<div class=\"elementor-background-overlay\"><\/div>\n\t\t\t\t\t\t\t<div class=\"elementor-container elementor-column-gap-no\">\n\t\t\t\t\t<div class=\"elementor-column elementor-col-100 elementor-top-column elementor-element elementor-element-617216a\" data-id=\"617216a\" data-element_type=\"column\" data-e-type=\"column\">\n\t\t\t<div class=\"elementor-widget-wrap elementor-element-populated\">\n\t\t\t\t\t\t<section class=\"elementor-section elementor-inner-section elementor-element elementor-element-b94846a elementor-section-boxed elementor-section-height-default elementor-section-height-default\" data-id=\"b94846a\" data-element_type=\"section\" data-e-type=\"section\">\n\t\t\t\t\t\t<div class=\"elementor-container elementor-column-gap-default\">\n\t\t\t\t\t<div class=\"elementor-column elementor-col-50 elementor-inner-column elementor-element elementor-element-9e9c228\" data-id=\"9e9c228\" data-element_type=\"column\" data-e-type=\"column\">\n\t\t\t<div class=\"elementor-widget-wrap elementor-element-populated\">\n\t\t\t\t\t\t<div class=\"elementor-element elementor-element-ae00571 elementor-invisible elementor-widget elementor-widget-elementskit-heading\" data-id=\"ae00571\" data-element_type=\"widget\" data-e-type=\"widget\" data-settings=\"{&quot;_animation&quot;:&quot;fadeInUp&quot;}\" data-widget_type=\"elementskit-heading.default\">\n\t\t\t\t<div class=\"elementor-widget-container\">\n\t\t\t\t\t<div class=\"ekit-wid-con\" ><div class=\"ekit-heading elementskit-section-title-wraper text_left   ekit_heading_tablet-   ekit_heading_mobile-\"><p class=\"elementskit-section-subtitle  \">\n\t\t\t\t\t\tNuestros\n\t\t\t\t\t<\/p><h2 class=\"ekit-heading--title elementskit-section-title \">Desintegrantes<\/h2><\/div><\/div>\t\t\t\t<\/div>\n\t\t\t\t<\/div>\n\t\t\t\t<div class=\"elementor-element elementor-element-f6e8e78 elementor-align-left elementor-align--mobilecenter elementor-widget elementor-widget-elementskit-button\" data-id=\"f6e8e78\" data-element_type=\"widget\" data-e-type=\"widget\" data-widget_type=\"elementskit-button.default\">\n\t\t\t\t<div class=\"elementor-widget-container\">\n\t\t\t\t\t<div class=\"ekit-wid-con\" >\t\t<div class=\"ekit-btn-wraper\">\n\t\t\t\t\t\t\t<a href=\"https:\/\/cabarriaiqa.com\/web\/contacto\/\" class=\"elementskit-btn  whitespace--normal\" id=\"\">\n\t\t\t\t\tCont\u00e1ctanos\t\t\t\t<\/a>\n\t\t\t\t\t<\/div>\n        <\/div>\t\t\t\t<\/div>\n\t\t\t\t<\/div>\n\t\t\t\t\t<\/div>\n\t\t<\/div>\n\t\t\t\t<div class=\"elementor-column elementor-col-50 elementor-inner-column elementor-element elementor-element-dc459f0\" data-id=\"dc459f0\" data-element_type=\"column\" data-e-type=\"column\">\n\t\t\t<div class=\"elementor-widget-wrap\">\n\t\t\t\t\t\t\t<\/div>\n\t\t<\/div>\n\t\t\t\t\t<\/div>\n\t\t<\/section>\n\t\t\t\t\t<\/div>\n\t\t<\/div>\n\t\t\t\t\t<\/div>\n\t\t<\/section>\n\t\t\t\t<section class=\"elementor-section elementor-top-section elementor-element elementor-element-d4192f0 elementor-section-boxed elementor-section-height-default elementor-section-height-default\" data-id=\"d4192f0\" data-element_type=\"section\" data-e-type=\"section\">\n\t\t\t\t\t\t<div class=\"elementor-container elementor-column-gap-default\">\n\t\t\t\t\t<div class=\"elementor-column elementor-col-100 elementor-top-column elementor-element elementor-element-db408d9\" data-id=\"db408d9\" data-element_type=\"column\" data-e-type=\"column\">\n\t\t\t<div class=\"elementor-widget-wrap elementor-element-populated\">\n\t\t\t\t\t\t<div class=\"elementor-element elementor-element-7ecc32e elementor-widget elementor-widget-heading\" data-id=\"7ecc32e\" data-element_type=\"widget\" data-e-type=\"widget\" data-widget_type=\"heading.default\">\n\t\t\t\t<div class=\"elementor-widget-container\">\n\t\t\t\t\t<h1 class=\"elementor-heading-title elementor-size-default\"><a href=\"https:\/\/cabarriaiqa.com\/web\/linea-farma-cosmeticos\/\">Volver...<\/a><\/h1>\t\t\t\t<\/div>\n\t\t\t\t<\/div>\n\t\t\t\t\t<\/div>\n\t\t<\/div>\n\t\t\t\t\t<\/div>\n\t\t<\/section>\n\t\t\t\t<section class=\"elementor-section elementor-top-section elementor-element elementor-element-f12ca9b elementor-section-content-middle elementor-section-height-min-height elementor-section-boxed elementor-section-height-default elementor-section-items-middle\" data-id=\"f12ca9b\" data-element_type=\"section\" data-e-type=\"section\" data-settings=\"{&quot;background_background&quot;:&quot;classic&quot;}\">\n\t\t\t\t\t\t<div class=\"elementor-container elementor-column-gap-no\">\n\t\t\t\t\t<div class=\"elementor-column elementor-col-33 elementor-top-column elementor-element elementor-element-c2e5d33\" data-id=\"c2e5d33\" data-element_type=\"column\" data-e-type=\"column\">\n\t\t\t<div class=\"elementor-widget-wrap elementor-element-populated\">\n\t\t\t\t\t\t<section class=\"elementor-section elementor-inner-section elementor-element elementor-element-7c60d29 elementor-section-height-min-height elementor-section-boxed elementor-section-height-default\" data-id=\"7c60d29\" data-element_type=\"section\" data-e-type=\"section\">\n\t\t\t\t\t\t<div class=\"elementor-container elementor-column-gap-default\">\n\t\t\t\t\t<div class=\"elementor-column elementor-col-100 elementor-inner-column elementor-element elementor-element-08675f6\" data-id=\"08675f6\" data-element_type=\"column\" data-e-type=\"column\" data-settings=\"{&quot;background_background&quot;:&quot;classic&quot;}\">\n\t\t\t<div class=\"elementor-widget-wrap elementor-element-populated\">\n\t\t\t\t\t\t<div class=\"elementor-element elementor-element-3edad09 elementor-widget elementor-widget-image\" data-id=\"3edad09\" data-element_type=\"widget\" data-e-type=\"widget\" data-widget_type=\"image.default\">\n\t\t\t\t<div class=\"elementor-widget-container\">\n\t\t\t\t\t\t\t\t\t\t\t\t\t\t\t<img fetchpriority=\"high\" decoding=\"async\" width=\"500\" height=\"500\" src=\"https:\/\/cabarriaiqa.com\/web\/wp-content\/uploads\/2025\/07\/Desintegrantes_Mesa-de-trabajo-1.jpg\" class=\"attachment-full size-full wp-image-16119\" alt=\"\" srcset=\"https:\/\/cabarriaiqa.com\/web\/wp-content\/uploads\/2025\/07\/Desintegrantes_Mesa-de-trabajo-1.jpg 500w, https:\/\/cabarriaiqa.com\/web\/wp-content\/uploads\/2025\/07\/Desintegrantes_Mesa-de-trabajo-1-300x300.jpg 300w, https:\/\/cabarriaiqa.com\/web\/wp-content\/uploads\/2025\/07\/Desintegrantes_Mesa-de-trabajo-1-150x150.jpg 150w\" sizes=\"(max-width: 500px) 100vw, 500px\" \/>\t\t\t\t\t\t\t\t\t\t\t\t\t\t\t<\/div>\n\t\t\t\t<\/div>\n\t\t\t\t\t<\/div>\n\t\t<\/div>\n\t\t\t\t\t<\/div>\n\t\t<\/section>\n\t\t\t\t\t<\/div>\n\t\t<\/div>\n\t\t\t\t<div class=\"elementor-column elementor-col-66 elementor-top-column elementor-element elementor-element-345d020\" data-id=\"345d020\" data-element_type=\"column\" data-e-type=\"column\">\n\t\t\t<div class=\"elementor-widget-wrap elementor-element-populated\">\n\t\t\t\t\t\t<div class=\"elementor-element elementor-element-f067b1f elementor-widget elementor-widget-text-editor\" data-id=\"f067b1f\" data-element_type=\"widget\" data-e-type=\"widget\" data-widget_type=\"text-editor.default\">\n\t\t\t\t<div class=\"elementor-widget-container\">\n\t\t\t\t\t\t\t\t\t<p><strong>Descripci\u00f3n<\/strong><br \/>Polvo blanco o casi blanco, inodoro.<\/p><p><strong>Nombre com\u00fan<\/strong><br \/>Croscarmelosa S\u00f3dica<\/p><p><strong>Uso general<\/strong><br \/>La Croscarmelosa S\u00f3dica se usa en formulaciones farmac\u00e9uticas orales como disgregante para las c\u00e1psulas, comprimidos y gr\u00e1nulos. En las formulaciones de comprimidos, la Croscarmelosa S\u00f3dica se puede utilizar tanto en compresi\u00f3n directa como en procesos de granulaci\u00f3n h\u00fameda. Cuando se usa en la granulaci\u00f3n h\u00fameda, la croscarmelosa s\u00f3dica debe a\u00f1adirse intra y extragranularmente, de modo que el efecto de mecha y la capacidad de hinchaz\u00f3n se utilizan al m\u00e1ximo.<\/p>\t\t\t\t\t\t\t\t<\/div>\n\t\t\t\t<\/div>\n\t\t\t\t<div class=\"elementor-element elementor-element-5e00633 elementor-align-left elementor-align--mobilecenter elementor-widget elementor-widget-elementskit-button\" data-id=\"5e00633\" data-element_type=\"widget\" data-e-type=\"widget\" data-widget_type=\"elementskit-button.default\">\n\t\t\t\t<div class=\"elementor-widget-container\">\n\t\t\t\t\t<div class=\"ekit-wid-con\" >\t\t<div class=\"ekit-btn-wraper\">\n\t\t\t\t\t\t\t<a href=\"https:\/\/cabarriaiqa.com\/web\/contacto\/\" class=\"elementskit-btn  whitespace--normal\" id=\"\">\n\t\t\t\t\tCont\u00e1ctanos\t\t\t\t<\/a>\n\t\t\t\t\t<\/div>\n        <\/div>\t\t\t\t<\/div>\n\t\t\t\t<\/div>\n\t\t\t\t\t<\/div>\n\t\t<\/div>\n\t\t\t\t\t<\/div>\n\t\t<\/section>\n\t\t\t\t<section class=\"elementor-section elementor-top-section elementor-element elementor-element-018080f elementor-section-boxed elementor-section-height-default elementor-section-height-default\" data-id=\"018080f\" data-element_type=\"section\" data-e-type=\"section\">\n\t\t\t\t\t\t<div class=\"elementor-container elementor-column-gap-default\">\n\t\t\t\t\t<div class=\"elementor-column elementor-col-100 elementor-top-column elementor-element elementor-element-28fef6d\" data-id=\"28fef6d\" data-element_type=\"column\" data-e-type=\"column\">\n\t\t\t<div class=\"elementor-widget-wrap elementor-element-populated\">\n\t\t\t\t\t\t<div class=\"elementor-element elementor-element-a093269 elementor-align-center elementor-widget elementor-widget-button\" data-id=\"a093269\" data-element_type=\"widget\" data-e-type=\"widget\" data-widget_type=\"button.default\">\n\t\t\t\t<div class=\"elementor-widget-container\">\n\t\t\t\t\t\t\t\t\t<div class=\"elementor-button-wrapper\">\n\t\t\t\t\t<a class=\"elementor-button elementor-button-link elementor-size-sm\" href=\"https:\/\/cabarriaiqa.com\/web\/linea-farma-cosmeticos\/\">\n\t\t\t\t\t\t<span class=\"elementor-button-content-wrapper\">\n\t\t\t\t\t\t\t\t\t<span class=\"elementor-button-text\">Volver al Inicio<\/span>\n\t\t\t\t\t<\/span>\n\t\t\t\t\t<\/a>\n\t\t\t\t<\/div>\n\t\t\t\t\t\t\t\t<\/div>\n\t\t\t\t<\/div>\n\t\t\t\t\t<\/div>\n\t\t<\/div>\n\t\t\t\t\t<\/div>\n\t\t<\/section>\n\t\t\t\t<\/div>\n\t\t","protected":false},"excerpt":{"rendered":"<p>Nuestros Desintegrantes Cont\u00e1ctanos Volver&#8230; Descripci\u00f3nPolvo blanco o casi blanco, inodoro. Nombre com\u00fanCroscarmelosa S\u00f3dica Uso generalLa Croscarmelosa S\u00f3dica se usa en formulaciones farmac\u00e9uticas orales como disgregante para las c\u00e1psulas, comprimidos y gr\u00e1nulos. En las formulaciones de comprimidos, la Croscarmelosa S\u00f3dica se puede utilizar tanto en compresi\u00f3n directa como en procesos de granulaci\u00f3n h\u00fameda. Cuando se usa [&hellip;]<\/p>\n","protected":false},"author":1,"featured_media":0,"parent":0,"menu_order":0,"comment_status":"closed","ping_status":"closed","template":"","meta":{"_eb_attr":"","_monsterinsights_skip_tracking":false,"_monsterinsights_sitenote_active":false,"_monsterinsights_sitenote_note":"","_monsterinsights_sitenote_category":0,"site-sidebar-layout":"no-sidebar","site-content-layout":"page-builder","ast-site-content-layout":"default","site-content-style":"default","site-sidebar-style":"default","ast-global-header-display":"","ast-banner-title-visibility":"","ast-main-header-display":"","ast-hfb-above-header-display":"","ast-hfb-below-header-display":"","ast-hfb-mobile-header-display":"","site-post-title":"disabled","ast-breadcrumbs-content":"","ast-featured-img":"disabled","footer-sml-layout":"","theme-transparent-header-meta":"","adv-header-id-meta":"","stick-header-meta":"","header-above-stick-meta":"","header-main-stick-meta":"","header-below-stick-meta":"","astra-migrate-meta-layouts":"default","ast-page-background-enabled":"default","ast-page-background-meta":{"desktop":{"background-color":"","background-image":"","background-repeat":"repeat","background-position":"center center","background-size":"auto","background-attachment":"scroll","background-type":"","background-media":"","overlay-type":"","overlay-color":"","overlay-opacity":"","overlay-gradient":""},"tablet":{"background-color":"","background-image":"","background-repeat":"repeat","background-position":"center center","background-size":"auto","background-attachment":"scroll","background-type":"","background-media":"","overlay-type":"","overlay-color":"","overlay-opacity":"","overlay-gradient":""},"mobile":{"background-color":"","background-image":"","background-repeat":"repeat","background-position":"center center","background-size":"auto","background-attachment":"scroll","background-type":"","background-media":"","overlay-type":"","overlay-color":"","overlay-opacity":"","overlay-gradient":""}},"ast-content-background-meta":{"desktop":{"background-color":"var(--ast-global-color-5)","background-image":"","background-repeat":"repeat","background-position":"center center","background-size":"auto","background-attachment":"scroll","background-type":"","background-media":"","overlay-type":"","overlay-color":"","overlay-opacity":"","overlay-gradient":""},"tablet":{"background-color":"var(--ast-global-color-5)","background-image":"","background-repeat":"repeat","background-position":"center center","background-size":"auto","background-attachment":"scroll","background-type":"","background-media":"","overlay-type":"","overlay-color":"","overlay-opacity":"","overlay-gradient":""},"mobile":{"background-color":"var(--ast-global-color-5)","background-image":"","background-repeat":"repeat","background-position":"center center","background-size":"auto","background-attachment":"scroll","background-type":"","background-media":"","overlay-type":"","overlay-color":"","overlay-opacity":"","overlay-gradient":""}},"footnotes":""},"class_list":["post-4418","page","type-page","status-publish","hentry"],"yoast_head":"<!-- This site is optimized with the Yoast SEO plugin v27.3 - https:\/\/yoast.com\/product\/yoast-seo-wordpress\/ -->\n<title>Desintegrantes - Cabarria IQA S.A.S<\/title>\n<meta name=\"robots\" content=\"index, follow, max-snippet:-1, max-image-preview:large, max-video-preview:-1\" \/>\n<link rel=\"canonical\" href=\"https:\/\/cabarriaiqa.com\/web\/desintegrantes\/\" \/>\n<meta property=\"og:locale\" content=\"es_ES\" \/>\n<meta property=\"og:type\" content=\"article\" \/>\n<meta property=\"og:title\" content=\"Desintegrantes - Cabarria IQA S.A.S\" \/>\n<meta property=\"og:description\" content=\"Nuestros Desintegrantes Cont\u00e1ctanos Volver&#8230; Descripci\u00f3nPolvo blanco o casi blanco, inodoro. Nombre com\u00fanCroscarmelosa S\u00f3dica Uso generalLa Croscarmelosa S\u00f3dica se usa en formulaciones farmac\u00e9uticas orales como disgregante para las c\u00e1psulas, comprimidos y gr\u00e1nulos. En las formulaciones de comprimidos, la Croscarmelosa S\u00f3dica se puede utilizar tanto en compresi\u00f3n directa como en procesos de granulaci\u00f3n h\u00fameda. Cuando se usa [&hellip;]\" \/>\n<meta property=\"og:url\" content=\"https:\/\/cabarriaiqa.com\/web\/desintegrantes\/\" \/>\n<meta property=\"og:site_name\" content=\"Cabarria IQA S.A.S\" \/>\n<meta property=\"article:publisher\" content=\"https:\/\/www.facebook.com\/CabarriaIQA\" \/>\n<meta property=\"article:modified_time\" content=\"2025-07-14T14:34:10+00:00\" \/>\n<meta property=\"og:image\" content=\"https:\/\/cabarriaiqa.com\/web\/wp-content\/uploads\/2025\/07\/Desintegrantes_Mesa-de-trabajo-1.jpg\" \/>\n\t<meta property=\"og:image:width\" content=\"500\" \/>\n\t<meta property=\"og:image:height\" content=\"500\" \/>\n\t<meta property=\"og:image:type\" content=\"image\/jpeg\" \/>\n<meta name=\"twitter:card\" content=\"summary_large_image\" \/>\n<meta name=\"twitter:label1\" content=\"Tiempo de lectura\" \/>\n\t<meta name=\"twitter:data1\" content=\"1 minuto\" \/>\n<script type=\"application\/ld+json\" class=\"yoast-schema-graph\">{\"@context\":\"https:\\\/\\\/schema.org\",\"@graph\":[{\"@type\":\"WebPage\",\"@id\":\"https:\\\/\\\/cabarriaiqa.com\\\/web\\\/desintegrantes\\\/\",\"url\":\"https:\\\/\\\/cabarriaiqa.com\\\/web\\\/desintegrantes\\\/\",\"name\":\"Desintegrantes - Cabarria IQA S.A.S\",\"isPartOf\":{\"@id\":\"https:\\\/\\\/cabarriaiqa.com\\\/web\\\/#website\"},\"primaryImageOfPage\":{\"@id\":\"https:\\\/\\\/cabarriaiqa.com\\\/web\\\/desintegrantes\\\/#primaryimage\"},\"image\":{\"@id\":\"https:\\\/\\\/cabarriaiqa.com\\\/web\\\/desintegrantes\\\/#primaryimage\"},\"thumbnailUrl\":\"https:\\\/\\\/cabarriaiqa.com\\\/web\\\/wp-content\\\/uploads\\\/2025\\\/07\\\/Desintegrantes_Mesa-de-trabajo-1.jpg\",\"datePublished\":\"2021-08-24T19:07:54+00:00\",\"dateModified\":\"2025-07-14T14:34:10+00:00\",\"breadcrumb\":{\"@id\":\"https:\\\/\\\/cabarriaiqa.com\\\/web\\\/desintegrantes\\\/#breadcrumb\"},\"inLanguage\":\"es\",\"potentialAction\":[{\"@type\":\"ReadAction\",\"target\":[\"https:\\\/\\\/cabarriaiqa.com\\\/web\\\/desintegrantes\\\/\"]}]},{\"@type\":\"ImageObject\",\"inLanguage\":\"es\",\"@id\":\"https:\\\/\\\/cabarriaiqa.com\\\/web\\\/desintegrantes\\\/#primaryimage\",\"url\":\"https:\\\/\\\/cabarriaiqa.com\\\/web\\\/wp-content\\\/uploads\\\/2025\\\/07\\\/Desintegrantes_Mesa-de-trabajo-1.jpg\",\"contentUrl\":\"https:\\\/\\\/cabarriaiqa.com\\\/web\\\/wp-content\\\/uploads\\\/2025\\\/07\\\/Desintegrantes_Mesa-de-trabajo-1.jpg\",\"width\":500,\"height\":500},{\"@type\":\"BreadcrumbList\",\"@id\":\"https:\\\/\\\/cabarriaiqa.com\\\/web\\\/desintegrantes\\\/#breadcrumb\",\"itemListElement\":[{\"@type\":\"ListItem\",\"position\":1,\"name\":\"Portada\",\"item\":\"https:\\\/\\\/cabarriaiqa.com\\\/web\\\/\"},{\"@type\":\"ListItem\",\"position\":2,\"name\":\"Desintegrantes\"}]},{\"@type\":\"WebSite\",\"@id\":\"https:\\\/\\\/cabarriaiqa.com\\\/web\\\/#website\",\"url\":\"https:\\\/\\\/cabarriaiqa.com\\\/web\\\/\",\"name\":\"Cabarria IQA S.A.S\",\"description\":\"Empresa Industrial\",\"publisher\":{\"@id\":\"https:\\\/\\\/cabarriaiqa.com\\\/web\\\/#organization\"},\"potentialAction\":[{\"@type\":\"SearchAction\",\"target\":{\"@type\":\"EntryPoint\",\"urlTemplate\":\"https:\\\/\\\/cabarriaiqa.com\\\/web\\\/?s={search_term_string}\"},\"query-input\":{\"@type\":\"PropertyValueSpecification\",\"valueRequired\":true,\"valueName\":\"search_term_string\"}}],\"inLanguage\":\"es\"},{\"@type\":\"Organization\",\"@id\":\"https:\\\/\\\/cabarriaiqa.com\\\/web\\\/#organization\",\"name\":\"Cabarria IQA S.A.S\",\"url\":\"https:\\\/\\\/cabarriaiqa.com\\\/web\\\/\",\"logo\":{\"@type\":\"ImageObject\",\"inLanguage\":\"es\",\"@id\":\"https:\\\/\\\/cabarriaiqa.com\\\/web\\\/#\\\/schema\\\/logo\\\/image\\\/\",\"url\":\"https:\\\/\\\/cabarriaiqa.com\\\/web\\\/wp-content\\\/uploads\\\/2021\\\/08\\\/cropped-cropped-cropped-Mesa-de-trabajo-5.png\",\"contentUrl\":\"https:\\\/\\\/cabarriaiqa.com\\\/web\\\/wp-content\\\/uploads\\\/2021\\\/08\\\/cropped-cropped-cropped-Mesa-de-trabajo-5.png\",\"width\":1080,\"height\":441,\"caption\":\"Cabarria IQA S.A.S\"},\"image\":{\"@id\":\"https:\\\/\\\/cabarriaiqa.com\\\/web\\\/#\\\/schema\\\/logo\\\/image\\\/\"},\"sameAs\":[\"https:\\\/\\\/www.facebook.com\\\/CabarriaIQA\",\"https:\\\/\\\/www.linkedin.com\\\/in\\\/cabarriaiqa\\\/\",\"https:\\\/\\\/www.instagram.com\\\/cabarriaiqa\\\/\"]}]}<\/script>\n<!-- \/ Yoast SEO plugin. -->","yoast_head_json":{"title":"Desintegrantes - Cabarria IQA S.A.S","robots":{"index":"index","follow":"follow","max-snippet":"max-snippet:-1","max-image-preview":"max-image-preview:large","max-video-preview":"max-video-preview:-1"},"canonical":"https:\/\/cabarriaiqa.com\/web\/desintegrantes\/","og_locale":"es_ES","og_type":"article","og_title":"Desintegrantes - Cabarria IQA S.A.S","og_description":"Nuestros Desintegrantes Cont\u00e1ctanos Volver&#8230; Descripci\u00f3nPolvo blanco o casi blanco, inodoro. Nombre com\u00fanCroscarmelosa S\u00f3dica Uso generalLa Croscarmelosa S\u00f3dica se usa en formulaciones farmac\u00e9uticas orales como disgregante para las c\u00e1psulas, comprimidos y gr\u00e1nulos. En las formulaciones de comprimidos, la Croscarmelosa S\u00f3dica se puede utilizar tanto en compresi\u00f3n directa como en procesos de granulaci\u00f3n h\u00fameda. Cuando se usa [&hellip;]","og_url":"https:\/\/cabarriaiqa.com\/web\/desintegrantes\/","og_site_name":"Cabarria IQA S.A.S","article_publisher":"https:\/\/www.facebook.com\/CabarriaIQA","article_modified_time":"2025-07-14T14:34:10+00:00","og_image":[{"width":500,"height":500,"url":"https:\/\/cabarriaiqa.com\/web\/wp-content\/uploads\/2025\/07\/Desintegrantes_Mesa-de-trabajo-1.jpg","type":"image\/jpeg"}],"twitter_card":"summary_large_image","twitter_misc":{"Tiempo de lectura":"1 minuto"},"schema":{"@context":"https:\/\/schema.org","@graph":[{"@type":"WebPage","@id":"https:\/\/cabarriaiqa.com\/web\/desintegrantes\/","url":"https:\/\/cabarriaiqa.com\/web\/desintegrantes\/","name":"Desintegrantes - Cabarria IQA S.A.S","isPartOf":{"@id":"https:\/\/cabarriaiqa.com\/web\/#website"},"primaryImageOfPage":{"@id":"https:\/\/cabarriaiqa.com\/web\/desintegrantes\/#primaryimage"},"image":{"@id":"https:\/\/cabarriaiqa.com\/web\/desintegrantes\/#primaryimage"},"thumbnailUrl":"https:\/\/cabarriaiqa.com\/web\/wp-content\/uploads\/2025\/07\/Desintegrantes_Mesa-de-trabajo-1.jpg","datePublished":"2021-08-24T19:07:54+00:00","dateModified":"2025-07-14T14:34:10+00:00","breadcrumb":{"@id":"https:\/\/cabarriaiqa.com\/web\/desintegrantes\/#breadcrumb"},"inLanguage":"es","potentialAction":[{"@type":"ReadAction","target":["https:\/\/cabarriaiqa.com\/web\/desintegrantes\/"]}]},{"@type":"ImageObject","inLanguage":"es","@id":"https:\/\/cabarriaiqa.com\/web\/desintegrantes\/#primaryimage","url":"https:\/\/cabarriaiqa.com\/web\/wp-content\/uploads\/2025\/07\/Desintegrantes_Mesa-de-trabajo-1.jpg","contentUrl":"https:\/\/cabarriaiqa.com\/web\/wp-content\/uploads\/2025\/07\/Desintegrantes_Mesa-de-trabajo-1.jpg","width":500,"height":500},{"@type":"BreadcrumbList","@id":"https:\/\/cabarriaiqa.com\/web\/desintegrantes\/#breadcrumb","itemListElement":[{"@type":"ListItem","position":1,"name":"Portada","item":"https:\/\/cabarriaiqa.com\/web\/"},{"@type":"ListItem","position":2,"name":"Desintegrantes"}]},{"@type":"WebSite","@id":"https:\/\/cabarriaiqa.com\/web\/#website","url":"https:\/\/cabarriaiqa.com\/web\/","name":"Cabarria IQA S.A.S","description":"Empresa Industrial","publisher":{"@id":"https:\/\/cabarriaiqa.com\/web\/#organization"},"potentialAction":[{"@type":"SearchAction","target":{"@type":"EntryPoint","urlTemplate":"https:\/\/cabarriaiqa.com\/web\/?s={search_term_string}"},"query-input":{"@type":"PropertyValueSpecification","valueRequired":true,"valueName":"search_term_string"}}],"inLanguage":"es"},{"@type":"Organization","@id":"https:\/\/cabarriaiqa.com\/web\/#organization","name":"Cabarria IQA S.A.S","url":"https:\/\/cabarriaiqa.com\/web\/","logo":{"@type":"ImageObject","inLanguage":"es","@id":"https:\/\/cabarriaiqa.com\/web\/#\/schema\/logo\/image\/","url":"https:\/\/cabarriaiqa.com\/web\/wp-content\/uploads\/2021\/08\/cropped-cropped-cropped-Mesa-de-trabajo-5.png","contentUrl":"https:\/\/cabarriaiqa.com\/web\/wp-content\/uploads\/2021\/08\/cropped-cropped-cropped-Mesa-de-trabajo-5.png","width":1080,"height":441,"caption":"Cabarria IQA S.A.S"},"image":{"@id":"https:\/\/cabarriaiqa.com\/web\/#\/schema\/logo\/image\/"},"sameAs":["https:\/\/www.facebook.com\/CabarriaIQA","https:\/\/www.linkedin.com\/in\/cabarriaiqa\/","https:\/\/www.instagram.com\/cabarriaiqa\/"]}]}},"_links":{"self":[{"href":"https:\/\/cabarriaiqa.com\/web\/wp-json\/wp\/v2\/pages\/4418","targetHints":{"allow":["GET"]}}],"collection":[{"href":"https:\/\/cabarriaiqa.com\/web\/wp-json\/wp\/v2\/pages"}],"about":[{"href":"https:\/\/cabarriaiqa.com\/web\/wp-json\/wp\/v2\/types\/page"}],"author":[{"embeddable":true,"href":"https:\/\/cabarriaiqa.com\/web\/wp-json\/wp\/v2\/users\/1"}],"replies":[{"embeddable":true,"href":"https:\/\/cabarriaiqa.com\/web\/wp-json\/wp\/v2\/comments?post=4418"}],"version-history":[{"count":13,"href":"https:\/\/cabarriaiqa.com\/web\/wp-json\/wp\/v2\/pages\/4418\/revisions"}],"predecessor-version":[{"id":16122,"href":"https:\/\/cabarriaiqa.com\/web\/wp-json\/wp\/v2\/pages\/4418\/revisions\/16122"}],"wp:attachment":[{"href":"https:\/\/cabarriaiqa.com\/web\/wp-json\/wp\/v2\/media?parent=4418"}],"curies":[{"name":"wp","href":"https:\/\/api.w.org\/{rel}","templated":true}]}}