{"id":4417,"date":"2021-08-24T14:07:54","date_gmt":"2021-08-24T19:07:54","guid":{"rendered":"https:\/\/cabarriaiqa.com\/web\/?page_id=4417"},"modified":"2025-07-14T09:21:51","modified_gmt":"2025-07-14T14:21:51","slug":"antiacidos","status":"publish","type":"page","link":"https:\/\/cabarriaiqa.com\/web\/antiacidos\/","title":{"rendered":"Anti\u00e1cidos"},"content":{"rendered":"\t\t<div data-elementor-type=\"wp-page\" data-elementor-id=\"4417\" class=\"elementor elementor-4417\">\n\t\t\t\t\t\t<section class=\"elementor-section elementor-top-section elementor-element elementor-element-9605ba2 elementor-section-height-min-height elementor-section-boxed elementor-section-height-default elementor-section-items-middle\" data-id=\"9605ba2\" data-element_type=\"section\" data-e-type=\"section\" data-settings=\"{&quot;background_background&quot;:&quot;classic&quot;}\">\n\t\t\t\t\t\t\t<div class=\"elementor-background-overlay\"><\/div>\n\t\t\t\t\t\t\t<div class=\"elementor-container elementor-column-gap-no\">\n\t\t\t\t\t<div class=\"elementor-column elementor-col-100 elementor-top-column elementor-element elementor-element-67fcaee\" data-id=\"67fcaee\" data-element_type=\"column\" data-e-type=\"column\">\n\t\t\t<div class=\"elementor-widget-wrap elementor-element-populated\">\n\t\t\t\t\t\t<section class=\"elementor-section elementor-inner-section elementor-element elementor-element-d7b1b84 elementor-section-boxed elementor-section-height-default elementor-section-height-default\" data-id=\"d7b1b84\" data-element_type=\"section\" data-e-type=\"section\">\n\t\t\t\t\t\t<div class=\"elementor-container elementor-column-gap-default\">\n\t\t\t\t\t<div class=\"elementor-column elementor-col-50 elementor-inner-column elementor-element elementor-element-a53f162\" data-id=\"a53f162\" data-element_type=\"column\" data-e-type=\"column\">\n\t\t\t<div class=\"elementor-widget-wrap elementor-element-populated\">\n\t\t\t\t\t\t<div class=\"elementor-element elementor-element-e16b3b2 elementor-invisible elementor-widget elementor-widget-elementskit-heading\" data-id=\"e16b3b2\" data-element_type=\"widget\" data-e-type=\"widget\" data-settings=\"{&quot;_animation&quot;:&quot;fadeInUp&quot;}\" data-widget_type=\"elementskit-heading.default\">\n\t\t\t\t<div class=\"elementor-widget-container\">\n\t\t\t\t\t<div class=\"ekit-wid-con\" ><div class=\"ekit-heading elementskit-section-title-wraper text_left   ekit_heading_tablet-   ekit_heading_mobile-\"><p class=\"elementskit-section-subtitle  \">\n\t\t\t\t\t\tNuestro\n\t\t\t\t\t<\/p><h2 class=\"ekit-heading--title elementskit-section-title \">Hidr\u00f3xido de Aluminio<\/h2>\t\t\t\t<div class='ekit-heading__description'>\n\t\t\t\t\t<p>Grado Farmaceutico<\/p>\n\t\t\t\t<\/div>\n\t\t\t<\/div><\/div>\t\t\t\t<\/div>\n\t\t\t\t<\/div>\n\t\t\t\t<div class=\"elementor-element elementor-element-ce8a9b1 elementor-align-left elementor-align--mobilecenter elementor-widget elementor-widget-elementskit-button\" data-id=\"ce8a9b1\" data-element_type=\"widget\" data-e-type=\"widget\" data-widget_type=\"elementskit-button.default\">\n\t\t\t\t<div class=\"elementor-widget-container\">\n\t\t\t\t\t<div class=\"ekit-wid-con\" >\t\t<div class=\"ekit-btn-wraper\">\n\t\t\t\t\t\t\t<a href=\"https:\/\/cabarriaiqa.com\/web\/contacto\/\" class=\"elementskit-btn  whitespace--normal\" id=\"\">\n\t\t\t\t\tCont\u00e1ctanos\t\t\t\t<\/a>\n\t\t\t\t\t<\/div>\n        <\/div>\t\t\t\t<\/div>\n\t\t\t\t<\/div>\n\t\t\t\t\t<\/div>\n\t\t<\/div>\n\t\t\t\t<div class=\"elementor-column elementor-col-50 elementor-inner-column elementor-element elementor-element-5562e0f\" data-id=\"5562e0f\" data-element_type=\"column\" data-e-type=\"column\">\n\t\t\t<div class=\"elementor-widget-wrap\">\n\t\t\t\t\t\t\t<\/div>\n\t\t<\/div>\n\t\t\t\t\t<\/div>\n\t\t<\/section>\n\t\t\t\t\t<\/div>\n\t\t<\/div>\n\t\t\t\t\t<\/div>\n\t\t<\/section>\n\t\t\t\t<section class=\"elementor-section elementor-top-section elementor-element elementor-element-124debc elementor-section-boxed elementor-section-height-default elementor-section-height-default\" data-id=\"124debc\" data-element_type=\"section\" data-e-type=\"section\">\n\t\t\t\t\t\t<div class=\"elementor-container elementor-column-gap-default\">\n\t\t\t\t\t<div class=\"elementor-column elementor-col-100 elementor-top-column elementor-element elementor-element-9ca0d42\" data-id=\"9ca0d42\" data-element_type=\"column\" data-e-type=\"column\">\n\t\t\t<div class=\"elementor-widget-wrap elementor-element-populated\">\n\t\t\t\t\t\t<div class=\"elementor-element elementor-element-21d24f5 elementor-widget elementor-widget-heading\" data-id=\"21d24f5\" data-element_type=\"widget\" data-e-type=\"widget\" data-widget_type=\"heading.default\">\n\t\t\t\t<div class=\"elementor-widget-container\">\n\t\t\t\t\t<h1 class=\"elementor-heading-title elementor-size-default\"><a href=\"https:\/\/cabarriaiqa.com\/web\/linea-farma-cosmeticos\/\">Volver...<\/a><\/h1>\t\t\t\t<\/div>\n\t\t\t\t<\/div>\n\t\t\t\t\t<\/div>\n\t\t<\/div>\n\t\t\t\t\t<\/div>\n\t\t<\/section>\n\t\t\t\t<section class=\"elementor-section elementor-top-section elementor-element elementor-element-5b79252 elementor-section-content-middle elementor-section-boxed elementor-section-height-default elementor-section-height-default\" data-id=\"5b79252\" data-element_type=\"section\" data-e-type=\"section\" data-settings=\"{&quot;background_background&quot;:&quot;classic&quot;}\">\n\t\t\t\t\t\t<div class=\"elementor-container elementor-column-gap-no\">\n\t\t\t\t\t<div class=\"elementor-column elementor-col-33 elementor-top-column elementor-element elementor-element-10c1225\" data-id=\"10c1225\" data-element_type=\"column\" data-e-type=\"column\">\n\t\t\t<div class=\"elementor-widget-wrap elementor-element-populated\">\n\t\t\t\t\t\t<section class=\"elementor-section elementor-inner-section elementor-element elementor-element-e10d535 elementor-section-height-min-height elementor-section-boxed elementor-section-height-default\" data-id=\"e10d535\" data-element_type=\"section\" data-e-type=\"section\">\n\t\t\t\t\t\t<div class=\"elementor-container elementor-column-gap-default\">\n\t\t\t\t\t<div class=\"elementor-column elementor-col-100 elementor-inner-column elementor-element elementor-element-e9e6a43\" data-id=\"e9e6a43\" data-element_type=\"column\" data-e-type=\"column\" data-settings=\"{&quot;background_background&quot;:&quot;classic&quot;}\">\n\t\t\t<div class=\"elementor-widget-wrap elementor-element-populated\">\n\t\t\t\t\t\t<div class=\"elementor-element elementor-element-82c5f11 elementor-widget elementor-widget-image\" data-id=\"82c5f11\" data-element_type=\"widget\" data-e-type=\"widget\" data-widget_type=\"image.default\">\n\t\t\t\t<div class=\"elementor-widget-container\">\n\t\t\t\t\t\t\t\t\t\t\t\t\t\t\t<img fetchpriority=\"high\" decoding=\"async\" width=\"500\" height=\"500\" src=\"https:\/\/cabarriaiqa.com\/web\/wp-content\/uploads\/2025\/07\/Hidroxido-de-Aluminio-Cabarria-IQA-2025.jpg\" class=\"attachment-full size-full wp-image-16112\" alt=\"\" srcset=\"https:\/\/cabarriaiqa.com\/web\/wp-content\/uploads\/2025\/07\/Hidroxido-de-Aluminio-Cabarria-IQA-2025.jpg 500w, https:\/\/cabarriaiqa.com\/web\/wp-content\/uploads\/2025\/07\/Hidroxido-de-Aluminio-Cabarria-IQA-2025-300x300.jpg 300w, https:\/\/cabarriaiqa.com\/web\/wp-content\/uploads\/2025\/07\/Hidroxido-de-Aluminio-Cabarria-IQA-2025-150x150.jpg 150w\" sizes=\"(max-width: 500px) 100vw, 500px\" \/>\t\t\t\t\t\t\t\t\t\t\t\t\t\t\t<\/div>\n\t\t\t\t<\/div>\n\t\t\t\t\t<\/div>\n\t\t<\/div>\n\t\t\t\t\t<\/div>\n\t\t<\/section>\n\t\t\t\t\t<\/div>\n\t\t<\/div>\n\t\t\t\t<div class=\"elementor-column elementor-col-66 elementor-top-column elementor-element elementor-element-7edcd42\" data-id=\"7edcd42\" data-element_type=\"column\" data-e-type=\"column\">\n\t\t\t<div class=\"elementor-widget-wrap elementor-element-populated\">\n\t\t\t\t\t\t<div class=\"elementor-element elementor-element-ffc9fc0 elementor-widget elementor-widget-heading\" data-id=\"ffc9fc0\" data-element_type=\"widget\" data-e-type=\"widget\" data-widget_type=\"heading.default\">\n\t\t\t\t<div class=\"elementor-widget-container\">\n\t\t\t\t\t<h1 class=\"elementor-heading-title elementor-size-default\">Hidr\u00f3xido de Aluminio<\/h1>\t\t\t\t<\/div>\n\t\t\t\t<\/div>\n\t\t\t\t<div class=\"elementor-element elementor-element-e41622c elementor-widget elementor-widget-text-editor\" data-id=\"e41622c\" data-element_type=\"widget\" data-e-type=\"widget\" data-widget_type=\"text-editor.default\">\n\t\t\t\t<div class=\"elementor-widget-container\">\n\t\t\t\t\t\t\t\t\t<p>L\u00ednea de productos en forma de polvos secos, que cumplen con las especificaciones de calidad de las farmacopeas internacionales.\u00a0<br \/><strong>Nombre com\u00fan:<br \/><\/strong>Hidr\u00f3xido de Oxido de Aluminio<br \/><strong>Aplicaciones:<br \/><\/strong>El hidr\u00f3xido de aluminio es el anti\u00e1cido no sistem\u00e1tico m\u00e1s utilizado en el mundo en la terapia gastroduodenal. Su administraci\u00f3n puede ser en preparaciones l\u00edquidas orales, as\u00ed como formas s\u00f3lidas. En cosm\u00e9tica se utiliza en antitranspirantes. Como abrasivo en peeling facial y blanqueamiento dental. La forma s\u00f3lida es utilizada en peque\u00f1as cantidades en la fabricaci\u00f3n de vacunas para aumentar la efectividad.<\/p>\t\t\t\t\t\t\t\t<\/div>\n\t\t\t\t<\/div>\n\t\t\t\t<div class=\"elementor-element elementor-element-6fa2bce elementor-align-left elementor-align--mobilecenter elementor-widget elementor-widget-elementskit-button\" data-id=\"6fa2bce\" data-element_type=\"widget\" data-e-type=\"widget\" data-widget_type=\"elementskit-button.default\">\n\t\t\t\t<div class=\"elementor-widget-container\">\n\t\t\t\t\t<div class=\"ekit-wid-con\" >\t\t<div class=\"ekit-btn-wraper\">\n\t\t\t\t\t\t\t<a href=\"https:\/\/cabarriaiqa.com\/web\/contacto\/\" class=\"elementskit-btn  whitespace--normal\" id=\"\">\n\t\t\t\t\tCont\u00e1ctanos\t\t\t\t<\/a>\n\t\t\t\t\t<\/div>\n        <\/div>\t\t\t\t<\/div>\n\t\t\t\t<\/div>\n\t\t\t\t\t<\/div>\n\t\t<\/div>\n\t\t\t\t\t<\/div>\n\t\t<\/section>\n\t\t\t\t<section class=\"elementor-section elementor-top-section elementor-element elementor-element-a4e1453 elementor-section-boxed elementor-section-height-default elementor-section-height-default\" data-id=\"a4e1453\" data-element_type=\"section\" data-e-type=\"section\">\n\t\t\t\t\t\t<div class=\"elementor-container elementor-column-gap-default\">\n\t\t\t\t\t<div class=\"elementor-column elementor-col-100 elementor-top-column elementor-element elementor-element-97dbdf5\" data-id=\"97dbdf5\" data-element_type=\"column\" data-e-type=\"column\">\n\t\t\t<div class=\"elementor-widget-wrap elementor-element-populated\">\n\t\t\t\t\t\t<div class=\"elementor-element elementor-element-33f0144 elementor-align-center elementor-widget elementor-widget-button\" data-id=\"33f0144\" data-element_type=\"widget\" data-e-type=\"widget\" data-widget_type=\"button.default\">\n\t\t\t\t<div class=\"elementor-widget-container\">\n\t\t\t\t\t\t\t\t\t<div class=\"elementor-button-wrapper\">\n\t\t\t\t\t<a class=\"elementor-button elementor-button-link elementor-size-sm\" href=\"https:\/\/cabarriaiqa.com\/web\/linea-farma-cosmeticos\/\">\n\t\t\t\t\t\t<span class=\"elementor-button-content-wrapper\">\n\t\t\t\t\t\t\t\t\t<span class=\"elementor-button-text\">Volver al Inicio<\/span>\n\t\t\t\t\t<\/span>\n\t\t\t\t\t<\/a>\n\t\t\t\t<\/div>\n\t\t\t\t\t\t\t\t<\/div>\n\t\t\t\t<\/div>\n\t\t\t\t\t<\/div>\n\t\t<\/div>\n\t\t\t\t\t<\/div>\n\t\t<\/section>\n\t\t\t\t<\/div>\n\t\t","protected":false},"excerpt":{"rendered":"<p>Nuestro Hidr\u00f3xido de Aluminio Grado Farmaceutico Cont\u00e1ctanos Volver&#8230; Hidr\u00f3xido de Aluminio L\u00ednea de productos en forma de polvos secos, que cumplen con las especificaciones de calidad de las farmacopeas internacionales.\u00a0Nombre com\u00fan:Hidr\u00f3xido de Oxido de AluminioAplicaciones:El hidr\u00f3xido de aluminio es el anti\u00e1cido no sistem\u00e1tico m\u00e1s utilizado en el mundo en la terapia gastroduodenal. Su administraci\u00f3n puede [&hellip;]<\/p>\n","protected":false},"author":1,"featured_media":0,"parent":0,"menu_order":0,"comment_status":"closed","ping_status":"closed","template":"","meta":{"_eb_attr":"","_monsterinsights_skip_tracking":false,"_monsterinsights_sitenote_active":false,"_monsterinsights_sitenote_note":"","_monsterinsights_sitenote_category":0,"site-sidebar-layout":"no-sidebar","site-content-layout":"page-builder","ast-site-content-layout":"default","site-content-style":"default","site-sidebar-style":"default","ast-global-header-display":"","ast-banner-title-visibility":"","ast-main-header-display":"","ast-hfb-above-header-display":"","ast-hfb-below-header-display":"","ast-hfb-mobile-header-display":"","site-post-title":"disabled","ast-breadcrumbs-content":"","ast-featured-img":"disabled","footer-sml-layout":"","theme-transparent-header-meta":"","adv-header-id-meta":"","stick-header-meta":"","header-above-stick-meta":"","header-main-stick-meta":"","header-below-stick-meta":"","astra-migrate-meta-layouts":"default","ast-page-background-enabled":"default","ast-page-background-meta":{"desktop":{"background-color":"","background-image":"","background-repeat":"repeat","background-position":"center center","background-size":"auto","background-attachment":"scroll","background-type":"","background-media":"","overlay-type":"","overlay-color":"","overlay-opacity":"","overlay-gradient":""},"tablet":{"background-color":"","background-image":"","background-repeat":"repeat","background-position":"center center","background-size":"auto","background-attachment":"scroll","background-type":"","background-media":"","overlay-type":"","overlay-color":"","overlay-opacity":"","overlay-gradient":""},"mobile":{"background-color":"","background-image":"","background-repeat":"repeat","background-position":"center center","background-size":"auto","background-attachment":"scroll","background-type":"","background-media":"","overlay-type":"","overlay-color":"","overlay-opacity":"","overlay-gradient":""}},"ast-content-background-meta":{"desktop":{"background-color":"var(--ast-global-color-5)","background-image":"","background-repeat":"repeat","background-position":"center center","background-size":"auto","background-attachment":"scroll","background-type":"","background-media":"","overlay-type":"","overlay-color":"","overlay-opacity":"","overlay-gradient":""},"tablet":{"background-color":"var(--ast-global-color-5)","background-image":"","background-repeat":"repeat","background-position":"center center","background-size":"auto","background-attachment":"scroll","background-type":"","background-media":"","overlay-type":"","overlay-color":"","overlay-opacity":"","overlay-gradient":""},"mobile":{"background-color":"var(--ast-global-color-5)","background-image":"","background-repeat":"repeat","background-position":"center center","background-size":"auto","background-attachment":"scroll","background-type":"","background-media":"","overlay-type":"","overlay-color":"","overlay-opacity":"","overlay-gradient":""}},"footnotes":""},"class_list":["post-4417","page","type-page","status-publish","hentry"],"yoast_head":"<!-- This site is optimized with the Yoast SEO plugin v27.3 - https:\/\/yoast.com\/product\/yoast-seo-wordpress\/ -->\n<title>Anti\u00e1cidos - Cabarria IQA S.A.S<\/title>\n<meta name=\"description\" content=\"L\u00ednea de productos en forma de polvos secos, que cumplen con las especificaciones de calidad de las farmacopeas internacionales.\" \/>\n<meta name=\"robots\" content=\"index, follow, max-snippet:-1, max-image-preview:large, max-video-preview:-1\" \/>\n<link rel=\"canonical\" href=\"https:\/\/cabarriaiqa.com\/web\/antiacidos\/\" \/>\n<meta property=\"og:locale\" content=\"es_ES\" \/>\n<meta property=\"og:type\" content=\"article\" \/>\n<meta property=\"og:title\" content=\"Anti\u00e1cidos - Cabarria IQA S.A.S\" \/>\n<meta property=\"og:description\" content=\"L\u00ednea de productos en forma de polvos secos, que cumplen con las especificaciones de calidad de las farmacopeas internacionales.\" \/>\n<meta property=\"og:url\" content=\"https:\/\/cabarriaiqa.com\/web\/antiacidos\/\" \/>\n<meta property=\"og:site_name\" content=\"Cabarria IQA S.A.S\" \/>\n<meta property=\"article:publisher\" content=\"https:\/\/www.facebook.com\/CabarriaIQA\" \/>\n<meta property=\"article:modified_time\" content=\"2025-07-14T14:21:51+00:00\" \/>\n<meta property=\"og:image\" content=\"https:\/\/cabarriaiqa.com\/web\/wp-content\/uploads\/2025\/07\/Hidroxido-de-Aluminio-Cabarria-IQA-2025.jpg\" \/>\n\t<meta property=\"og:image:width\" content=\"500\" \/>\n\t<meta property=\"og:image:height\" content=\"500\" \/>\n\t<meta property=\"og:image:type\" content=\"image\/jpeg\" \/>\n<meta name=\"twitter:card\" content=\"summary_large_image\" \/>\n<meta name=\"twitter:label1\" content=\"Tiempo de lectura\" \/>\n\t<meta name=\"twitter:data1\" content=\"1 minuto\" \/>\n<script type=\"application\/ld+json\" class=\"yoast-schema-graph\">{\"@context\":\"https:\\\/\\\/schema.org\",\"@graph\":[{\"@type\":\"WebPage\",\"@id\":\"https:\\\/\\\/cabarriaiqa.com\\\/web\\\/antiacidos\\\/\",\"url\":\"https:\\\/\\\/cabarriaiqa.com\\\/web\\\/antiacidos\\\/\",\"name\":\"Anti\u00e1cidos - Cabarria IQA S.A.S\",\"isPartOf\":{\"@id\":\"https:\\\/\\\/cabarriaiqa.com\\\/web\\\/#website\"},\"primaryImageOfPage\":{\"@id\":\"https:\\\/\\\/cabarriaiqa.com\\\/web\\\/antiacidos\\\/#primaryimage\"},\"image\":{\"@id\":\"https:\\\/\\\/cabarriaiqa.com\\\/web\\\/antiacidos\\\/#primaryimage\"},\"thumbnailUrl\":\"https:\\\/\\\/cabarriaiqa.com\\\/web\\\/wp-content\\\/uploads\\\/2025\\\/07\\\/Hidroxido-de-Aluminio-Cabarria-IQA-2025.jpg\",\"datePublished\":\"2021-08-24T19:07:54+00:00\",\"dateModified\":\"2025-07-14T14:21:51+00:00\",\"description\":\"L\u00ednea de productos en forma de polvos secos, que cumplen con las especificaciones de calidad de las farmacopeas internacionales.\",\"breadcrumb\":{\"@id\":\"https:\\\/\\\/cabarriaiqa.com\\\/web\\\/antiacidos\\\/#breadcrumb\"},\"inLanguage\":\"es\",\"potentialAction\":[{\"@type\":\"ReadAction\",\"target\":[\"https:\\\/\\\/cabarriaiqa.com\\\/web\\\/antiacidos\\\/\"]}]},{\"@type\":\"ImageObject\",\"inLanguage\":\"es\",\"@id\":\"https:\\\/\\\/cabarriaiqa.com\\\/web\\\/antiacidos\\\/#primaryimage\",\"url\":\"https:\\\/\\\/cabarriaiqa.com\\\/web\\\/wp-content\\\/uploads\\\/2025\\\/07\\\/Hidroxido-de-Aluminio-Cabarria-IQA-2025.jpg\",\"contentUrl\":\"https:\\\/\\\/cabarriaiqa.com\\\/web\\\/wp-content\\\/uploads\\\/2025\\\/07\\\/Hidroxido-de-Aluminio-Cabarria-IQA-2025.jpg\",\"width\":500,\"height\":500},{\"@type\":\"BreadcrumbList\",\"@id\":\"https:\\\/\\\/cabarriaiqa.com\\\/web\\\/antiacidos\\\/#breadcrumb\",\"itemListElement\":[{\"@type\":\"ListItem\",\"position\":1,\"name\":\"Portada\",\"item\":\"https:\\\/\\\/cabarriaiqa.com\\\/web\\\/\"},{\"@type\":\"ListItem\",\"position\":2,\"name\":\"Anti\u00e1cidos\"}]},{\"@type\":\"WebSite\",\"@id\":\"https:\\\/\\\/cabarriaiqa.com\\\/web\\\/#website\",\"url\":\"https:\\\/\\\/cabarriaiqa.com\\\/web\\\/\",\"name\":\"Cabarria IQA S.A.S\",\"description\":\"Empresa Industrial\",\"publisher\":{\"@id\":\"https:\\\/\\\/cabarriaiqa.com\\\/web\\\/#organization\"},\"potentialAction\":[{\"@type\":\"SearchAction\",\"target\":{\"@type\":\"EntryPoint\",\"urlTemplate\":\"https:\\\/\\\/cabarriaiqa.com\\\/web\\\/?s={search_term_string}\"},\"query-input\":{\"@type\":\"PropertyValueSpecification\",\"valueRequired\":true,\"valueName\":\"search_term_string\"}}],\"inLanguage\":\"es\"},{\"@type\":\"Organization\",\"@id\":\"https:\\\/\\\/cabarriaiqa.com\\\/web\\\/#organization\",\"name\":\"Cabarria IQA S.A.S\",\"url\":\"https:\\\/\\\/cabarriaiqa.com\\\/web\\\/\",\"logo\":{\"@type\":\"ImageObject\",\"inLanguage\":\"es\",\"@id\":\"https:\\\/\\\/cabarriaiqa.com\\\/web\\\/#\\\/schema\\\/logo\\\/image\\\/\",\"url\":\"https:\\\/\\\/cabarriaiqa.com\\\/web\\\/wp-content\\\/uploads\\\/2021\\\/08\\\/cropped-cropped-cropped-Mesa-de-trabajo-5.png\",\"contentUrl\":\"https:\\\/\\\/cabarriaiqa.com\\\/web\\\/wp-content\\\/uploads\\\/2021\\\/08\\\/cropped-cropped-cropped-Mesa-de-trabajo-5.png\",\"width\":1080,\"height\":441,\"caption\":\"Cabarria IQA S.A.S\"},\"image\":{\"@id\":\"https:\\\/\\\/cabarriaiqa.com\\\/web\\\/#\\\/schema\\\/logo\\\/image\\\/\"},\"sameAs\":[\"https:\\\/\\\/www.facebook.com\\\/CabarriaIQA\",\"https:\\\/\\\/www.linkedin.com\\\/in\\\/cabarriaiqa\\\/\",\"https:\\\/\\\/www.instagram.com\\\/cabarriaiqa\\\/\"]}]}<\/script>\n<!-- \/ Yoast SEO plugin. -->","yoast_head_json":{"title":"Anti\u00e1cidos - Cabarria IQA S.A.S","description":"L\u00ednea de productos en forma de polvos secos, que cumplen con las especificaciones de calidad de las farmacopeas internacionales.","robots":{"index":"index","follow":"follow","max-snippet":"max-snippet:-1","max-image-preview":"max-image-preview:large","max-video-preview":"max-video-preview:-1"},"canonical":"https:\/\/cabarriaiqa.com\/web\/antiacidos\/","og_locale":"es_ES","og_type":"article","og_title":"Anti\u00e1cidos - Cabarria IQA S.A.S","og_description":"L\u00ednea de productos en forma de polvos secos, que cumplen con las especificaciones de calidad de las farmacopeas internacionales.","og_url":"https:\/\/cabarriaiqa.com\/web\/antiacidos\/","og_site_name":"Cabarria IQA S.A.S","article_publisher":"https:\/\/www.facebook.com\/CabarriaIQA","article_modified_time":"2025-07-14T14:21:51+00:00","og_image":[{"width":500,"height":500,"url":"https:\/\/cabarriaiqa.com\/web\/wp-content\/uploads\/2025\/07\/Hidroxido-de-Aluminio-Cabarria-IQA-2025.jpg","type":"image\/jpeg"}],"twitter_card":"summary_large_image","twitter_misc":{"Tiempo de lectura":"1 minuto"},"schema":{"@context":"https:\/\/schema.org","@graph":[{"@type":"WebPage","@id":"https:\/\/cabarriaiqa.com\/web\/antiacidos\/","url":"https:\/\/cabarriaiqa.com\/web\/antiacidos\/","name":"Anti\u00e1cidos - Cabarria IQA S.A.S","isPartOf":{"@id":"https:\/\/cabarriaiqa.com\/web\/#website"},"primaryImageOfPage":{"@id":"https:\/\/cabarriaiqa.com\/web\/antiacidos\/#primaryimage"},"image":{"@id":"https:\/\/cabarriaiqa.com\/web\/antiacidos\/#primaryimage"},"thumbnailUrl":"https:\/\/cabarriaiqa.com\/web\/wp-content\/uploads\/2025\/07\/Hidroxido-de-Aluminio-Cabarria-IQA-2025.jpg","datePublished":"2021-08-24T19:07:54+00:00","dateModified":"2025-07-14T14:21:51+00:00","description":"L\u00ednea de productos en forma de polvos secos, que cumplen con las especificaciones de calidad de las farmacopeas internacionales.","breadcrumb":{"@id":"https:\/\/cabarriaiqa.com\/web\/antiacidos\/#breadcrumb"},"inLanguage":"es","potentialAction":[{"@type":"ReadAction","target":["https:\/\/cabarriaiqa.com\/web\/antiacidos\/"]}]},{"@type":"ImageObject","inLanguage":"es","@id":"https:\/\/cabarriaiqa.com\/web\/antiacidos\/#primaryimage","url":"https:\/\/cabarriaiqa.com\/web\/wp-content\/uploads\/2025\/07\/Hidroxido-de-Aluminio-Cabarria-IQA-2025.jpg","contentUrl":"https:\/\/cabarriaiqa.com\/web\/wp-content\/uploads\/2025\/07\/Hidroxido-de-Aluminio-Cabarria-IQA-2025.jpg","width":500,"height":500},{"@type":"BreadcrumbList","@id":"https:\/\/cabarriaiqa.com\/web\/antiacidos\/#breadcrumb","itemListElement":[{"@type":"ListItem","position":1,"name":"Portada","item":"https:\/\/cabarriaiqa.com\/web\/"},{"@type":"ListItem","position":2,"name":"Anti\u00e1cidos"}]},{"@type":"WebSite","@id":"https:\/\/cabarriaiqa.com\/web\/#website","url":"https:\/\/cabarriaiqa.com\/web\/","name":"Cabarria IQA S.A.S","description":"Empresa Industrial","publisher":{"@id":"https:\/\/cabarriaiqa.com\/web\/#organization"},"potentialAction":[{"@type":"SearchAction","target":{"@type":"EntryPoint","urlTemplate":"https:\/\/cabarriaiqa.com\/web\/?s={search_term_string}"},"query-input":{"@type":"PropertyValueSpecification","valueRequired":true,"valueName":"search_term_string"}}],"inLanguage":"es"},{"@type":"Organization","@id":"https:\/\/cabarriaiqa.com\/web\/#organization","name":"Cabarria IQA S.A.S","url":"https:\/\/cabarriaiqa.com\/web\/","logo":{"@type":"ImageObject","inLanguage":"es","@id":"https:\/\/cabarriaiqa.com\/web\/#\/schema\/logo\/image\/","url":"https:\/\/cabarriaiqa.com\/web\/wp-content\/uploads\/2021\/08\/cropped-cropped-cropped-Mesa-de-trabajo-5.png","contentUrl":"https:\/\/cabarriaiqa.com\/web\/wp-content\/uploads\/2021\/08\/cropped-cropped-cropped-Mesa-de-trabajo-5.png","width":1080,"height":441,"caption":"Cabarria IQA S.A.S"},"image":{"@id":"https:\/\/cabarriaiqa.com\/web\/#\/schema\/logo\/image\/"},"sameAs":["https:\/\/www.facebook.com\/CabarriaIQA","https:\/\/www.linkedin.com\/in\/cabarriaiqa\/","https:\/\/www.instagram.com\/cabarriaiqa\/"]}]}},"_links":{"self":[{"href":"https:\/\/cabarriaiqa.com\/web\/wp-json\/wp\/v2\/pages\/4417","targetHints":{"allow":["GET"]}}],"collection":[{"href":"https:\/\/cabarriaiqa.com\/web\/wp-json\/wp\/v2\/pages"}],"about":[{"href":"https:\/\/cabarriaiqa.com\/web\/wp-json\/wp\/v2\/types\/page"}],"author":[{"embeddable":true,"href":"https:\/\/cabarriaiqa.com\/web\/wp-json\/wp\/v2\/users\/1"}],"replies":[{"embeddable":true,"href":"https:\/\/cabarriaiqa.com\/web\/wp-json\/wp\/v2\/comments?post=4417"}],"version-history":[{"count":16,"href":"https:\/\/cabarriaiqa.com\/web\/wp-json\/wp\/v2\/pages\/4417\/revisions"}],"predecessor-version":[{"id":16118,"href":"https:\/\/cabarriaiqa.com\/web\/wp-json\/wp\/v2\/pages\/4417\/revisions\/16118"}],"wp:attachment":[{"href":"https:\/\/cabarriaiqa.com\/web\/wp-json\/wp\/v2\/media?parent=4417"}],"curies":[{"name":"wp","href":"https:\/\/api.w.org\/{rel}","templated":true}]}}